{"id":110,"date":"2026-01-26T17:13:08","date_gmt":"2026-01-26T16:13:08","guid":{"rendered":"http:\/\/localhost\/?page_id=110"},"modified":"2026-03-23T19:21:50","modified_gmt":"2026-03-23T18:21:50","slug":"ladyanna","status":"publish","type":"page","link":"https:\/\/smlounge.de\/index.php\/ladyanna\/","title":{"rendered":"Lady Anna"},"content":{"rendered":"\n<section class=\"lux-profile\">\n  <header class=\"lux-profile__head\">\n    <h1 class=\"lux-profile__name\">Lady Anna<\/h1>\n    <div class=\"lux-profile__tag\">Mistress<\/div>\n  <\/header>\n\n<!--------------------------------------------------------------- SOCIAL ICONS  -->\n        <div class=\"social-container-wrapper\">\n          <div class=\"social-container\">\n\n           <a href=\"https:\/\/www.instagram.com\/ladyanna.official_1?igsh=bmJib3ZqeWc2YWNy\" class=\"social-icon\" target=\"_blank\" rel=\"noopener\">\n      <img decoding=\"async\" src=\"https:\/\/www.smlounge.de\/wp-content\/uploads\/2026\/01\/Instagram.png\" alt=\"Instagram\">\n    <\/a>\n\n <a href=\"https:\/\/www.galeriedesade.com\/Bremen\/LADY-ANNA-SM-LOUNGE-a3149.html\" class=\"social-icon\" target=\"_blank\" rel=\"noopener\">\n              <img decoding=\"async\" src=\"https:\/\/www.smlounge.de\/wp-content\/uploads\/2026\/01\/snapedit_1765024324891.png\" alt=\"GDS\">\n            <\/a>\n\n\n            <a href=\"https:\/\/wa.me\/+491636202629\" class=\"social-icon\" target=\"_blank\" rel=\"noopener\">\n              <img decoding=\"async\" src=\"https:\/\/www.smlounge.de\/wp-content\/uploads\/2026\/01\/oie_6121459qRoS0QlH.png\" alt=\"WhatsApp\">\n            <\/a>\n\n            <a href=\"https:\/\/t.me\/ladyannaoffiziell\" class=\"social-icon\" target=\"_blank\" rel=\"noopener\">\n              <img decoding=\"async\" src=\"https:\/\/www.smlounge.de\/wp-content\/uploads\/2026\/01\/Telegram_2019_Logo.svg_.png\" alt=\"Telegram\">\n            <\/a>\n\n           <a href=\"https:\/\/onlyfans.com\/ladyanna\" class=\"social-icon\" target=\"_blank\" rel=\"noopener\">\n      <img decoding=\"async\" src=\"https:\/\/www.smlounge.de\/wp-content\/uploads\/2026\/01\/OF-1.png\" alt=\"OF\">\n    <\/a>\n          <\/div>\n        <\/div>\n\t\t\n\t\t<div class=\"sm-schedule-wrapper\">\n  <table class=\"sm-schedule-table\">\n    <tr>\n      <th>Anwesenheit<\/th>\n      <th>Status<\/th>\n    <\/tr>\n    <tr>\n      <td>Nach Vereinbarung<\/td>\n      <td><span class=\"sm-status-available\">Verf\u00fcgbar<\/span><\/td>\n    <\/tr>\n    <tr>\n     \n  <\/table>\n<\/div>\n\t\t<br>\n  <div class=\"lux-profile__grid\">\n\n\n    <!-- GALERIE -->\n    <div class=\"lux-panel\">\n      <div class=\"lux-gallery\">\n\n        <!-------------------------------------------------------------------------------------- Optional: Hauptbild -->\n        <a class=\"lux-gallery__hero\" href=\"https:\/\/www.smlounge.de\/wp-content\/uploads\/2026\/01\/IMG_2543-scaled-1.jpeg\" target=\"_blank\" rel=\"noopener\">\n          <img decoding=\"async\" src=\"https:\/\/www.smlounge.de\/wp-content\/uploads\/2026\/01\/IMG_2543-scaled-1.jpeg\" alt=\"Lady Anna\u2013 Hauptbild\" loading=\"lazy\">\n        <\/a>\n\n        <!------------------------------------------------------------------------------------- Grid: beliebig viele Bilder -->\n        <div class=\"lux-gallery__grid\">\n\n          <a class=\"lux-gallery__item\" href=\"https:\/\/www.smlounge.de\/wp-content\/uploads\/2026\/01\/IMG_2554-scaled-1.jpeg\" target=\"_blank\" rel=\"noopener\">\n            <img decoding=\"async\" src=\"https:\/\/www.smlounge.de\/wp-content\/uploads\/2026\/01\/IMG_2554-scaled-1.jpeg\" alt=\"Bild 2\" loading=\"lazy\">\n          <\/a>\n\n          <a class=\"lux-gallery__item\" href=\"https:\/\/www.smlounge.de\/wp-content\/uploads\/2026\/01\/IMG_2516-scaled-1.jpeg\" target=\"_blank\" rel=\"noopener\">\n            <img decoding=\"async\" src=\"https:\/\/www.smlounge.de\/wp-content\/uploads\/2026\/01\/IMG_2516-scaled-1.jpeg\" alt=\"Bild 3\" loading=\"lazy\">\n          <\/a>\n\n          <a class=\"lux-gallery__item\" href=\"https:\/\/www.smlounge.de\/wp-content\/uploads\/2026\/01\/IMG_2701-scaled-1.jpeg\" target=\"_blank\" rel=\"noopener\">\n            <img decoding=\"async\" src=\"https:\/\/www.smlounge.de\/wp-content\/uploads\/2026\/01\/IMG_2701-scaled-1.jpeg\" alt=\"Bild 4\" loading=\"lazy\">\n          <\/a>\n\n <a class=\"lux-gallery__item\" href=\"https:\/\/www.smlounge.de\/wp-content\/uploads\/2026\/01\/IMG_2553-scaled-1.jpeg\" target=\"_blank\" rel=\"noopener\">\n            <img decoding=\"async\" src=\"https:\/\/www.smlounge.de\/wp-content\/uploads\/2026\/01\/IMG_2553-scaled-1.jpeg\" alt=\"Bild 5\" loading=\"lazy\">\n          <\/a>\n\n <a class=\"lux-gallery__item\" href=\"https:\/\/www.smlounge.de\/wp-content\/uploads\/2026\/01\/IMG_2702-scaled-1.jpeg\" target=\"_blank\" rel=\"noopener\">\n            <img decoding=\"async\" src=\"https:\/\/www.smlounge.de\/wp-content\/uploads\/2026\/01\/IMG_2702-scaled-1.jpeg\" alt=\"Bild 6\" loading=\"lazy\">\n          <\/a>\n\n          <!-- \u2026 einfach weiter kopieren \u2026 -->\n\n        <\/div>\n\n      <\/div>\n    <\/div>\n\n    <!-------------------------------------------------------------------------------- TEXT + SOCIAL -->\n    <div class=\"lux-panel\">\n      <!-- wenn Text extrem lang: lux-bio lux-bio--long -->\n      <div class=\"lux-bio lux-bio--long\">\n        <h2 class=\"lux-bio__title\">\u00dcber mich<\/h2>\n        <div class=\"lux-bio__divider\"><\/div>\n\n        <div class=\"lux-bio__content\">\n          <p>Als erfahrene Domina kenne ich meine Vorz\u00fcge und wei\u00df, was ich will! Meine Sessions gestalte ich martialisch und lebe meine Neigungen und Vorlieben gerne mit Dir im wei\u00dfen, sowie im schwarzen Bereich aus. Zu meinen absoluten Vorlieben geh\u00f6ren unter anderem Nadelspiele und Latex Sessions!<br><br>\n\nTabus:<br><br>\n\nDa ich rein aktiv und unnahbar bin, kommt f\u00fcr mich nichts in Frage, was K\u00f6rperkontakt zul\u00e4sst!\n<br><\/p>\n          \n        <\/div>\n\n\n<style>\n.sm-schedule-wrapper {\n  width: 100%;\n  text-align: center;\n  margin-top: 16px;\n  padding: 0 8px;\n}\n\n.sm-schedule-table {\n  margin: 0 auto;\n  width: 100%;\n  max-width: 520px;\n  border-collapse: collapse;\n  font-family: 'Cinzel', serif;\n  color: #ffffff;\n  table-layout: fixed;\n}\n\n\/* Einheitliche H\u00f6he & perfekte Zentrierung *\/\n.sm-schedule-table td,\n.sm-schedule-table th {\n  height: 42px !important;\n  line-height: 42px !important;\n  padding: 0 !important;\n  margin: 0 !important;\n  vertical-align: middle !important;\n  text-align: center !important;\n  white-space: nowrap !important;\n}\n\n\/* \u00dcberschriftenstil *\/\n.sm-schedule-table th {\n  font-size: 16px;\n  text-transform: uppercase;\n  letter-spacing: 1.5px;\n  text-shadow: 0 0 8px rgba(255,255,255,0.45);\n  border-bottom: 1px solid rgba(255,255,255,0.25);\n}\n\n\/* Tabelleninhalt *\/\n.sm-schedule-table td {\n  font-size: 14px;\n  text-shadow: 0 0 5px rgba(255,255,255,0.4);\n  border-bottom: 1px solid rgba(255,255,255,0.12);\n}\n\n\/* Statusfarben *\/\n.sm-status-available {\n  color: #00ff00 !important;\n  text-shadow: 0 0 6px rgba(0,255,0,0.45);\n}\n\n.sm-status-away {\n  color: #ff4444 !important;\n  text-shadow: 0 0 6px rgba(255,0,0,0.45);\n}\n<\/style>\n\n      <\/div>\n    <\/div>\n\n  <\/div>\n\n<\/section>\n","protected":false},"excerpt":{"rendered":"<p>Lady Anna Mistress Anwesenheit Status Nach Vereinbarung Verf\u00fcgbar \u00dcber mich Als erfahrene Domina kenne ich meine Vorz\u00fcge und wei\u00df, was ich will! Meine Sessions gestalte ich martialisch und lebe meine Neigungen und Vorlieben gerne mit Dir im wei\u00dfen, sowie im schwarzen Bereich aus. Zu meinen absoluten Vorlieben geh\u00f6ren unter anderem Nadelspiele und Latex Sessions! Tabus: &#8230; <a title=\"Lady Anna\" class=\"read-more\" href=\"https:\/\/smlounge.de\/index.php\/ladyanna\/\" aria-label=\"Mehr Informationen \u00fcber Lady Anna\">Weiterlesen<\/a><\/p>\n","protected":false},"author":1,"featured_media":0,"parent":0,"menu_order":0,"comment_status":"closed","ping_status":"closed","template":"","meta":{"footnotes":""},"class_list":["post-110","page","type-page","status-publish"],"_links":{"self":[{"href":"https:\/\/smlounge.de\/index.php\/wp-json\/wp\/v2\/pages\/110","targetHints":{"allow":["GET"]}}],"collection":[{"href":"https:\/\/smlounge.de\/index.php\/wp-json\/wp\/v2\/pages"}],"about":[{"href":"https:\/\/smlounge.de\/index.php\/wp-json\/wp\/v2\/types\/page"}],"author":[{"embeddable":true,"href":"https:\/\/smlounge.de\/index.php\/wp-json\/wp\/v2\/users\/1"}],"replies":[{"embeddable":true,"href":"https:\/\/smlounge.de\/index.php\/wp-json\/wp\/v2\/comments?post=110"}],"version-history":[{"count":21,"href":"https:\/\/smlounge.de\/index.php\/wp-json\/wp\/v2\/pages\/110\/revisions"}],"predecessor-version":[{"id":1152,"href":"https:\/\/smlounge.de\/index.php\/wp-json\/wp\/v2\/pages\/110\/revisions\/1152"}],"wp:attachment":[{"href":"https:\/\/smlounge.de\/index.php\/wp-json\/wp\/v2\/media?parent=110"}],"curies":[{"name":"wp","href":"https:\/\/api.w.org\/{rel}","templated":true}]}}