{"id":1131,"date":"2026-02-08T10:50:03","date_gmt":"2026-02-08T09:50:03","guid":{"rendered":"https:\/\/smlounge.de\/?page_id=1131"},"modified":"2026-02-08T12:25:36","modified_gmt":"2026-02-08T11:25:36","slug":"nataschavonsteinberg","status":"publish","type":"page","link":"https:\/\/smlounge.de\/index.php\/nataschavonsteinberg\/","title":{"rendered":"Natascha von Steinberg"},"content":{"rendered":"\n<section class=\"lux-profile\">\n\n  <header class=\"lux-profile__head\">\n    <h1 class=\"lux-profile__name\">Natascha von Steinberg<\/h1>\n    <div class=\"lux-profile__tag\">Mistress<\/div>\n  <\/header>\n\t\t\n\t\t<div class=\"sm-schedule-wrapper\">\n  <table class=\"sm-schedule-table\">\n    <tr>\n      <th>Anwesenheit<\/th>\n      <th>Status<\/th>\n    <\/tr>\n    <tr>\n      <td>Jeden Monat<\/td>\n      <td><span class=\"sm-status-available\">Verf\u00fcgbar<\/span><\/td>\n    <\/tr>\n    <tr>\n     \n  <\/table>\n<\/div>\n\t<br>\t\n  <div class=\"lux-profile__grid\">\n\n    <!-- GALERIE -->\n    <div class=\"lux-panel\">\n      <div class=\"lux-gallery\">\n\n        <!-------------------------------------------------------------------------------------- Optional: Hauptbild -->\n        <a class=\"lux-gallery__hero\" href=\"https:\/\/smlounge.de\/wp-content\/uploads\/2026\/02\/IMG_4620.jpeg\" target=\"_blank\" rel=\"noopener\">\n          <img decoding=\"async\" src=\"https:\/\/smlounge.de\/wp-content\/uploads\/2026\/02\/IMG_4620.jpeg\" alt=\"Hauptbild\" loading=\"lazy\">\n        <\/a>\n\n        <!------------------------------------------------------------------------------------- Grid: beliebig viele Bilder -->\n        <div class=\"lux-gallery__grid\">\n\n          <a class=\"lux-gallery__item\" href=\"https:\/\/smlounge.de\/wp-content\/uploads\/2026\/02\/IMG_4625.jpeg\" target=\"_blank\" rel=\"noopener\">\n            <img decoding=\"async\" src=\"https:\/\/smlounge.de\/wp-content\/uploads\/2026\/02\/IMG_4625.jpeg\" alt=\"Bild 2\" loading=\"lazy\">\n          <\/a>\n\n          <a class=\"lux-gallery__item\" href=\"https:\/\/smlounge.de\/wp-content\/uploads\/2026\/02\/IMG_4622.jpeg\" target=\"_blank\" rel=\"noopener\">\n            <img decoding=\"async\" src=\"https:\/\/smlounge.de\/wp-content\/uploads\/2026\/02\/IMG_4622.jpeg\" alt=\"Bild 3\" loading=\"lazy\">\n          <\/a>\n\n          <a class=\"lux-gallery__item\" href=\"https:\/\/smlounge.de\/wp-content\/uploads\/2026\/02\/IMG_4623.jpeg\" target=\"_blank\" rel=\"noopener\">\n            <img decoding=\"async\" src=\"https:\/\/smlounge.de\/wp-content\/uploads\/2026\/02\/IMG_4623.jpeg\" alt=\"Bild 4\" loading=\"lazy\">\n          <\/a>\n<a class=\"lux-gallery__item\" href=\"https:\/\/smlounge.de\/wp-content\/uploads\/2026\/02\/IMG_4624.jpeg\" target=\"_blank\" rel=\"noopener\">\n            <img decoding=\"async\" src=\"https:\/\/smlounge.de\/wp-content\/uploads\/2026\/02\/IMG_4624.jpeg\" alt=\"Bild 4\" loading=\"lazy\">\n          <\/a>\n<a class=\"lux-gallery__item\" href=\"https:\/\/smlounge.de\/wp-content\/uploads\/2026\/02\/IMG_4619.jpeg\" target=\"_blank\" rel=\"noopener\">\n            <img decoding=\"async\" src=\"https:\/\/smlounge.de\/wp-content\/uploads\/2026\/02\/IMG_4619.jpeg\" alt=\"Bild 4\" loading=\"lazy\">\n          <\/a>\n<a class=\"lux-gallery__item\" href=\"https:\/\/smlounge.de\/wp-content\/uploads\/2026\/02\/IMG_4621.jpeg\" target=\"_blank\" rel=\"noopener\">\n            <img decoding=\"async\" src=\"https:\/\/smlounge.de\/wp-content\/uploads\/2026\/02\/IMG_4621.jpeg\" alt=\"Bild 4\" loading=\"lazy\">\n          <\/a>\n<a class=\"lux-gallery__item\" href=\"https:\/\/smlounge.de\/wp-content\/uploads\/2026\/02\/IMG_4626.jpeg\" target=\"_blank\" rel=\"noopener\">\n            <img decoding=\"async\" src=\"https:\/\/smlounge.de\/wp-content\/uploads\/2026\/02\/IMG_4626.jpeg\" alt=\"Bild 4\" loading=\"lazy\">\n          <\/a>\n<a class=\"lux-gallery__item\" href=\"https:\/\/smlounge.de\/wp-content\/uploads\/2026\/02\/IMG_4627.jpeg\" target=\"_blank\" rel=\"noopener\">\n            <img decoding=\"async\" src=\"https:\/\/smlounge.de\/wp-content\/uploads\/2026\/02\/IMG_4627.jpeg\" alt=\"Bild 4\" loading=\"lazy\">\n          <\/a>\n<a class=\"lux-gallery__item\" href=\"https:\/\/smlounge.de\/wp-content\/uploads\/2026\/02\/IMG_4648.jpeg\" target=\"_blank\" rel=\"noopener\">\n            <img decoding=\"async\" src=\"https:\/\/smlounge.de\/wp-content\/uploads\/2026\/02\/IMG_4648.jpeg\" alt=\"Bild 4\" loading=\"lazy\">\n          <\/a>\n\n          <!-- \u2026 einfach weiter kopieren \u2026 -->\n\n        <\/div>\n\n      <\/div>\n    <\/div>\n\n    <!-------------------------------------------------------------------------------- TEXT + SOCIAL -->\n    <div class=\"lux-panel\">\n      <!-- wenn Text extrem lang: lux-bio lux-bio--long -->\n      <div class=\"lux-bio lux-bio--long\">\n        <h2 class=\"lux-bio__title\">\u00dcber mich<\/h2>\n        <div class=\"lux-bio__divider\"><\/div>\n\n        <div class=\"lux-bio__content\">\n          <p>Natascha von Steinberg \u2014 Dark Sessions, monatlich in der SM\u2011Lounge <br><br>\n\nIch bin einmal im Monat in der SM\u2011Lounge buchbar und biete intensive, ma\u00dfgeschneiderte BDSM\u2011Erlebnisse.<br><br>Souver\u00e4n, erfahren und kompromisslos leite ich Spiele mit Macht, Kontrolle und Schmerz.<br>Reitfetisch und dunkle Rollen geh\u00f6ren zu meinen Spezialit\u00e4ten; Rituale und psychische Dominanz inszeniere ich pr\u00e4zise und wirkungsvoll.<br><br>\n\nVon k\u00fchlem Powerplay bis zur intensiven, k\u00f6rperbetonten Dominanz: Jede Session ist ein tiefes Eintauchen in die dunkle Seite der Lust \u2014 \u00e4sthetisch, intensiv und eindringlich.<br><br>\n\nKontakt per Nachricht f\u00fcr Termine und Details.<\/p>\n          \n        <\/div>\n\n\n<style>\n.sm-schedule-wrapper {\n  width: 100%;\n  text-align: center;\n  margin-top: 16px;\n  padding: 0 8px;\n}\n\n.sm-schedule-table {\n  margin: 0 auto;\n  width: 100%;\n  max-width: 520px;\n  border-collapse: collapse;\n  font-family: 'Cinzel', serif;\n  color: #ffffff;\n  table-layout: fixed;\n}\n\n\/* Einheitliche H\u00f6he & perfekte Zentrierung *\/\n.sm-schedule-table td,\n.sm-schedule-table th {\n  height: 42px !important;\n  line-height: 42px !important;\n  padding: 0 !important;\n  margin: 0 !important;\n  vertical-align: middle !important;\n  text-align: center !important;\n  white-space: nowrap !important;\n}\n\n\/* \u00dcberschriftenstil *\/\n.sm-schedule-table th {\n  font-size: 16px;\n  text-transform: uppercase;\n  letter-spacing: 1.5px;\n  text-shadow: 0 0 8px rgba(255,255,255,0.45);\n  border-bottom: 1px solid rgba(255,255,255,0.25);\n}\n\n\/* Tabelleninhalt *\/\n.sm-schedule-table td {\n  font-size: 14px;\n  text-shadow: 0 0 5px rgba(255,255,255,0.4);\n  border-bottom: 1px solid rgba(255,255,255,0.12);\n}\n\n\/* Statusfarben *\/\n.sm-status-available {\n  color: #00ff00 !important;\n  text-shadow: 0 0 6px rgba(0,255,0,0.45);\n}\n\n.sm-status-away {\n  color: #ff4444 !important;\n  text-shadow: 0 0 6px rgba(255,0,0,0.45);\n}\n<\/style>\n\n      <\/div>\n    <\/div>\n\n  <\/div>\n\n<\/section>\n","protected":false},"excerpt":{"rendered":"<p>Natascha von Steinberg Mistress Anwesenheit Status Jeden Monat Verf\u00fcgbar \u00dcber mich Natascha von Steinberg \u2014 Dark Sessions, monatlich in der SM\u2011Lounge Ich bin einmal im Monat in der SM\u2011Lounge buchbar und biete intensive, ma\u00dfgeschneiderte BDSM\u2011Erlebnisse. Souver\u00e4n, erfahren und kompromisslos leite ich Spiele mit Macht, Kontrolle und Schmerz.Reitfetisch und dunkle Rollen geh\u00f6ren zu meinen Spezialit\u00e4ten; Rituale &#8230; <a title=\"Natascha von Steinberg\" class=\"read-more\" href=\"https:\/\/smlounge.de\/index.php\/nataschavonsteinberg\/\" aria-label=\"Mehr Informationen \u00fcber Natascha von Steinberg\">Weiterlesen<\/a><\/p>\n","protected":false},"author":1,"featured_media":0,"parent":0,"menu_order":0,"comment_status":"closed","ping_status":"closed","template":"","meta":{"footnotes":""},"class_list":["post-1131","page","type-page","status-publish"],"_links":{"self":[{"href":"https:\/\/smlounge.de\/index.php\/wp-json\/wp\/v2\/pages\/1131","targetHints":{"allow":["GET"]}}],"collection":[{"href":"https:\/\/smlounge.de\/index.php\/wp-json\/wp\/v2\/pages"}],"about":[{"href":"https:\/\/smlounge.de\/index.php\/wp-json\/wp\/v2\/types\/page"}],"author":[{"embeddable":true,"href":"https:\/\/smlounge.de\/index.php\/wp-json\/wp\/v2\/users\/1"}],"replies":[{"embeddable":true,"href":"https:\/\/smlounge.de\/index.php\/wp-json\/wp\/v2\/comments?post=1131"}],"version-history":[{"count":13,"href":"https:\/\/smlounge.de\/index.php\/wp-json\/wp\/v2\/pages\/1131\/revisions"}],"predecessor-version":[{"id":1198,"href":"https:\/\/smlounge.de\/index.php\/wp-json\/wp\/v2\/pages\/1131\/revisions\/1198"}],"wp:attachment":[{"href":"https:\/\/smlounge.de\/index.php\/wp-json\/wp\/v2\/media?parent=1131"}],"curies":[{"name":"wp","href":"https:\/\/api.w.org\/{rel}","templated":true}]}}