{"id":1298,"date":"2026-02-20T17:39:51","date_gmt":"2026-02-20T16:39:51","guid":{"rendered":"https:\/\/smlounge.de\/?page_id=1298"},"modified":"2026-03-26T10:36:17","modified_gmt":"2026-03-26T09:36:17","slug":"elaine","status":"publish","type":"page","link":"https:\/\/smlounge.de\/index.php\/elaine\/","title":{"rendered":"Mistress Elaine"},"content":{"rendered":"\n<section class=\"lux-profile\">\n\n  <header class=\"lux-profile__head\">\n   <h1 class=\"lux-profile__name\">Elaine<\/h1>\n    <div class=\"lux-profile__tag\">Bizarrlady<\/div>\n  <\/header>\n  \n<!--------------------------------------------------------------- SOCIAL ICONS  -->\n        <div class=\"social-container-wrapper\">\n          <div class=\"social-container\">\n\n    <a href=\"https:\/\/wa.me\/4915750475061\" class=\"social-icon\" target=\"_blank\" rel=\"noopener\">\n      <img decoding=\"async\" src=\"https:\/\/www.smlounge.de\/wp-content\/uploads\/2026\/01\/oie_6121459qRoS0QlH.png\" alt=\"WhatsApp\">\n    <\/a>\n\n    <a href=\"https:\/\/www.instagram.com\/e_laneveyra\/\" class=\"social-icon\" target=\"_blank\" rel=\"noopener\">\n      <img decoding=\"async\" src=\"https:\/\/www.smlounge.de\/wp-content\/uploads\/2026\/01\/Instagram.png\" alt=\"Instagram\">\n    <\/a>\n\n<a href=\"mailto:lanemistress@web.de\" class=\"social-icon\" target=\"_blank\" rel=\"noopener\">\n      <img decoding=\"async\" src=\"https:\/\/www.smlounge.de\/wp-content\/uploads\/2026\/01\/icons8-email-50.png\" alt=\"Mail\">\n    <\/a>\n\n          <\/div>\n        <\/div>\n\n<div class=\"sm-schedule-wrapper\">\n <table class=\"sm-schedule-table\">\n <tr>\n      <th>Anwesenheit<\/th>\n      <th>Status<\/th>\n    <\/tr>\n    <tr>\n      <td>29.04.2026<\/td>\n      <td><span class=\"sm-status-available\">Verf\u00fcgbar<\/span><\/td>\n    <\/tr>\n    <tr>\n<td>30.04.2026<\/td>\n      <td><span class=\"sm-status-available\">Verf\u00fcgbar<\/span><\/td>\n    <\/tr>\n    <tr>\n\n     \n  <\/table>\n<\/div>\n\t<br>\t\n  <div class=\"lux-profile__grid\">\n\n     <!-- GALERIE -->\n    <div class=\"lux-panel\">\n      <div class=\"lux-gallery\">\n\n        <!-------------------------------------------------------------------------------------- Optional: Hauptbild -->\n        <a class=\"lux-gallery__hero\" href=\"\" target=\"_blank\" rel=\"noopener\">\n          <img decoding=\"async\" src=\"https:\/\/smlounge.de\/wp-content\/uploads\/2026\/02\/IMG_4888.jpeg\" alt=\"Hauptbild\" loading=\"lazy\">\n        <\/a>\n\n        <!------------------------------------------------------------------------------------- Grid: beliebig viele Bilder -->\n        <div class=\"lux-gallery__grid\">\n\n          <a class=\"lux-gallery__item\" href=\"\" target=\"_blank\" rel=\"noopener\">\n            <img decoding=\"async\" src=\"https:\/\/smlounge.de\/wp-content\/uploads\/2026\/02\/IMG_2465.png\" alt=\"Bild 2\" loading=\"lazy\">\n          <\/a>\n\n          <a class=\"lux-gallery__item\" href=\"\" target=\"_blank\" rel=\"noopener\">\n            <img decoding=\"async\" src=\"https:\/\/smlounge.de\/wp-content\/uploads\/2026\/02\/IMG_1510-e1771605385986.png\" alt=\"Bild 3\" loading=\"lazy\">\n          <\/a>\n\n<a class=\"lux-gallery__item\" href=\"\" target=\"_blank\" rel=\"noopener\">\n            <img decoding=\"async\" src=\"https:\/\/smlounge.de\/wp-content\/uploads\/2026\/02\/IMG_0797.jpeg\" alt=\"Bild 3\" loading=\"lazy\">\n          <\/a>\n\n<a class=\"lux-gallery__item\" href=\"\" target=\"_blank\" rel=\"noopener\">\n            <img decoding=\"async\" src=\"https:\/\/smlounge.de\/wp-content\/uploads\/2026\/02\/IMG_0805.jpeg\" alt=\"Bild 3\" loading=\"lazy\">\n          <\/a>\n\n<a class=\"lux-gallery__item\" href=\"\" target=\"_blank\" rel=\"noopener\">\n            <img decoding=\"async\" src=\"https:\/\/smlounge.de\/wp-content\/uploads\/2026\/02\/IMG_1275.jpeg\" alt=\"Bild 3\" loading=\"lazy\">\n          <\/a>\n\n<a class=\"lux-gallery__item\" href=\"\" target=\"_blank\" rel=\"noopener\">\n            <img decoding=\"async\" src=\"https:\/\/smlounge.de\/wp-content\/uploads\/2026\/02\/IMG_2548.jpeg\" alt=\"Bild 3\" loading=\"lazy\">\n          <\/a>\n\n\n          <!-- \u2026 einfach weiter kopieren \u2026 -->\n\n        <\/div>\n\n      <\/div>\n    <\/div>\n\n    <!-------------------------------------------------------------------------------- TEXT + SOCIAL -->\n    <div class=\"lux-panel\">\n      <!-- wenn Text extrem lang: lux-bio lux-bio--long -->\n      <div class=\"lux-bio lux-bio--long\">\n        <h2 class=\"lux-bio__title\">\u00dcber mich<\/h2>\n        <div class=\"lux-bio__divider\"><\/div>\n\n        <div class=\"lux-bio__content\">\n       <p>\nIch bin nicht hier, um Erwartungen zu erf\u00fcllen. Ich bin hier, um sie zu verbiegen, zu \u00fcberdrehen und\nlangsam zu sprengen. Bis du merkst, dass dein Kopf mir l\u00e4ngst vorausgelaufen ist. Und dein K\u00f6rper nur\nnoch hinterher will.<br><br>\nIch spiele nicht laut. Ich spiele pr\u00e4zise. Mit dieser ruhigen Sicherheit, die dich sofort wissen l\u00e4sst, wer\nhier den Takt vorgibt.<br><br>\nEin Blick von mir und deine Gedanken geraten ins Stolpern. Ein Satz von mir und du sp\u00fcrst, wie sich\netwas in dir \u00f6ffnet, das du sonst gut versteckst.<br><br>\nDu gibst mir deine Aufmerksamkeit nicht. Ich nehme sie mir. Sanft. Selbstverst\u00e4ndlich. Unaufhaltsam.\nUnd pl\u00f6tzlich bist du wach. Wacher als sonst. Empf\u00e4nglicher. Hungriger nach mehr.<br><br>\nMein Spiel beginnt leise. Ein Fl\u00fcstern, das sich in deinem Kopf festsetzt. Ein Gedanke, der nicht mehr\nweggeht. Ich ziehe die Spannung hoch, halte sie dort und lasse sie langsam s\u00fc\u00df und hei\u00df zugleich\nwerden.<br><br>\nDu willst mehr, noch bevor du es aussprichst. Mehr von dieser Stimme, die sich zwischen deine\nGedanken schiebt. Mehr von dieser F\u00fchrung, die sich so m\u00fchelos richtig anf\u00fchlt. Mehr von diesem\nMoment, in dem Widerstand pl\u00f6tzlich anstrengend wird und Nachgeben \u00fcberraschend gut.<br><br>\nIn meiner N\u00e4he wirst du weicher. Nicht schwach. Nur offen. Formbar. Bereit f\u00fcr alles, was ich daraus\nmache.<br><br>\nIch nehme mir Zeit. Lasse dich warten. Lasse dich f\u00fchlen. Lasse dich merken, wie gut es sich anf\u00fchlt,\ndie Kontrolle nicht mehr festhalten zu m\u00fcssen.<br><br>\nSchicht f\u00fcr Schicht ziehe ich dich tiefer. In meine Stimmung. In meine Gedanken. In meine Richtung.\nBis du irgendwann nicht mehr wei\u00dft, wann genau du aufgeh\u00f6rt hast, dich selbst festzuhalten. Und wann\ndu angefangen hast, mir zu folgen.<br><br>\nAm Ende bist du genau dort, wo ich dich haben will. Nicht verloren. Nur neu sortiert. Nach meinem\nGeschmack.<br><br>\nIch genie\u00dfe es, dich zu fordern. Noch mehr genie\u00dfe ich allerdings das was danach entsteht. Wenn\nalles ruhiger wird. Klarer. Intensiver.<br><br>\nIch bin deine neue Herausforderung. Ein Mindfuck. Ein s\u00fc\u00dfes Gift. Ich schleiche mich in deinen Kopf,\ntanze durch deine Fantasien und gehe erst, wenn ich will. So, dass du dich selbst kaum wiedererkennst\naber mich nie wieder aus deinem Kopf bekommst.\n<\/p>\n          \n        <\/div>\n\n\n<style>\n.sm-schedule-wrapper {\n  width: 100%;\n  text-align: center;\n  margin-top: 16px;\n  padding: 0 8px;\n}\n\n.sm-schedule-table {\n  margin: 0 auto;\n  width: 100%;\n  max-width: 520px;\n  border-collapse: collapse;\n  font-family: 'Cinzel', serif;\n  color: #ffffff;\n  table-layout: fixed;\n}\n\n\/* Einheitliche H\u00f6he & perfekte Zentrierung *\/\n.sm-schedule-table td,\n.sm-schedule-table th {\n  height: 42px !important;\n  line-height: 42px !important;\n  padding: 0 !important;\n  margin: 0 !important;\n  vertical-align: middle !important;\n  text-align: center !important;\n  white-space: nowrap !important;\n}\n\n\/* \u00dcberschriftenstil *\/\n.sm-schedule-table th {\n  font-size: 16px;\n  text-transform: uppercase;\n  letter-spacing: 1.5px;\n  text-shadow: 0 0 8px rgba(255,255,255,0.45);\n  border-bottom: 1px solid rgba(255,255,255,0.25);\n}\n\n\/* Tabelleninhalt *\/\n.sm-schedule-table td {\n  font-size: 14px;\n  text-shadow: 0 0 5px rgba(255,255,255,0.4);\n  border-bottom: 1px solid rgba(255,255,255,0.12);\n}\n\n\/* Statusfarben *\/\n.sm-status-available {\n  color: #00ff00 !important;\n  text-shadow: 0 0 6px rgba(0,255,0,0.45);\n}\n\n.sm-status-away {\n  color: #ff4444 !important;\n  text-shadow: 0 0 6px rgba(255,0,0,0.45);\n}\n<\/style>\n\n      <\/div>\n    <\/div>\n\n  <\/div>\n\n<\/section>\n","protected":false},"excerpt":{"rendered":"<p>Elaine Bizarrlady Anwesenheit Status 29.04.2026 Verf\u00fcgbar 30.04.2026 Verf\u00fcgbar \u00dcber mich Ich bin nicht hier, um Erwartungen zu erf\u00fcllen. Ich bin hier, um sie zu verbiegen, zu \u00fcberdrehen und langsam zu sprengen. Bis du merkst, dass dein Kopf mir l\u00e4ngst vorausgelaufen ist. Und dein K\u00f6rper nur noch hinterher will. Ich spiele nicht laut. Ich spiele pr\u00e4zise. &#8230; <a title=\"Mistress Elaine\" class=\"read-more\" href=\"https:\/\/smlounge.de\/index.php\/elaine\/\" aria-label=\"Mehr Informationen \u00fcber Mistress Elaine\">Weiterlesen<\/a><\/p>\n","protected":false},"author":1,"featured_media":0,"parent":0,"menu_order":0,"comment_status":"closed","ping_status":"closed","template":"","meta":{"footnotes":""},"class_list":["post-1298","page","type-page","status-publish"],"_links":{"self":[{"href":"https:\/\/smlounge.de\/index.php\/wp-json\/wp\/v2\/pages\/1298","targetHints":{"allow":["GET"]}}],"collection":[{"href":"https:\/\/smlounge.de\/index.php\/wp-json\/wp\/v2\/pages"}],"about":[{"href":"https:\/\/smlounge.de\/index.php\/wp-json\/wp\/v2\/types\/page"}],"author":[{"embeddable":true,"href":"https:\/\/smlounge.de\/index.php\/wp-json\/wp\/v2\/users\/1"}],"replies":[{"embeddable":true,"href":"https:\/\/smlounge.de\/index.php\/wp-json\/wp\/v2\/comments?post=1298"}],"version-history":[{"count":5,"href":"https:\/\/smlounge.de\/index.php\/wp-json\/wp\/v2\/pages\/1298\/revisions"}],"predecessor-version":[{"id":1677,"href":"https:\/\/smlounge.de\/index.php\/wp-json\/wp\/v2\/pages\/1298\/revisions\/1677"}],"wp:attachment":[{"href":"https:\/\/smlounge.de\/index.php\/wp-json\/wp\/v2\/media?parent=1298"}],"curies":[{"name":"wp","href":"https:\/\/api.w.org\/{rel}","templated":true}]}}