{"id":1404,"date":"2026-03-04T17:49:38","date_gmt":"2026-03-04T16:49:38","guid":{"rendered":"https:\/\/smlounge.de\/?page_id=1404"},"modified":"2026-04-16T19:32:44","modified_gmt":"2026-04-16T17:32:44","slug":"ladyelisabeth","status":"publish","type":"page","link":"https:\/\/smlounge.de\/index.php\/ladyelisabeth\/","title":{"rendered":"Lady Elisabeth"},"content":{"rendered":"\n<section class=\"lux-profile\">\n\n  <header class=\"lux-profile__head\">\n    <h1 class=\"lux-profile__name\">Lady Elisabeth<\/h1>\n    <div class=\"lux-profile__tag\">Mistress<\/div>\n  <\/header>\n\n<!--------------------------------------------------------------- SOCIAL ICONS  -->\n        <div class=\"social-container-wrapper\">\n          <div class=\"social-container\">\n\n\n<a href=\"https:\/\/wa.me\/491746943380\" class=\"social-icon\" target=\"_blank\" rel=\"noopener\">\n      <img decoding=\"async\" src=\"https:\/\/www.smlounge.de\/wp-content\/uploads\/2026\/01\/oie_6121459qRoS0QlH.png\" alt=\"WhatsApp\">\n    <\/a>\n\n<a href=\"mmailto:ladyelisabeth11@yahoo.com\" class=\"social-icon\" target=\"_blank\" rel=\"noopener\">\n      <img decoding=\"async\" src=\"https:\/\/www.smlounge.de\/wp-content\/uploads\/2026\/01\/icons8-email-50.png\" alt=\"Mail\">\n    <\/a>\n\n          <\/div>\n        <\/div>\n\t\t\n\t\t<div class=\"sm-schedule-wrapper\">\n  <table class=\"sm-schedule-table\">\n    <tr>\n      <th>Anwesenheit<\/th>\n      <th>Status<\/th>\n    <\/tr>\n\n    <tr>\n      <td>22.04.2026<\/td>\n      <td><span class=\"sm-status-available\">Verf\u00fcgbar<\/span><\/td>\n    <\/tr>    \n\n<tr>\n      <td>23.04.2026<\/td>\n      <td><span class=\"sm-status-available\">Verf\u00fcgbar<\/span><\/td>\n    <\/tr>  \n\n     \n  <\/table>\n<\/div>\n\t<br>\t\n  <div class=\"lux-profile__grid\">\n\n     <!-- GALERIE -->\n    <div class=\"lux-panel\">\n      <div class=\"lux-gallery\">\n\n        <!-------------------------------------------------------------------------------------- Optional: Hauptbild -->\n        <a class=\"lux-gallery__hero\" href=\"\" target=\"_blank\" rel=\"noopener\">\n          <img decoding=\"async\" src=\"https:\/\/smlounge.de\/wp-content\/uploads\/2026\/03\/IMG_5251.jpeg\" alt=\"Hauptbild\" loading=\"lazy\">\n        <\/a>\n\n        <!------------------------------------------------------------------------------------- Grid: beliebig viele Bilder -->\n        <div class=\"lux-gallery__grid\">\n\n          <a class=\"lux-gallery__item\" href=\"\" target=\"_blank\" rel=\"noopener\">\n            <img decoding=\"async\" src=\"https:\/\/smlounge.de\/wp-content\/uploads\/2026\/03\/IMG_5249.jpeg\" alt=\"Bild 2\" loading=\"lazy\">\n          <\/a>\n\n          <a class=\"lux-gallery__item\" href=\"\" target=\"_blank\" rel=\"noopener\">\n            <img decoding=\"async\" src=\"https:\/\/smlounge.de\/wp-content\/uploads\/2026\/03\/IMG_5248.jpeg\" alt=\"Bild 3\" loading=\"lazy\">\n          <\/a>\n\n          <a class=\"lux-gallery__item\" href=\"\" target=\"_blank\" rel=\"noopener\">\n            <img decoding=\"async\" src=\"https:\/\/smlounge.de\/wp-content\/uploads\/2026\/03\/IMG_5246.jpeg\" alt=\"Bild 4\" loading=\"lazy\">\n          <\/a>\n\n <a class=\"lux-gallery__item\" href=\"\" target=\"_blank\" rel=\"noopener\">\n            <img decoding=\"async\" src=\"https:\/\/smlounge.de\/wp-content\/uploads\/2026\/03\/IMG_5245.jpeg\" alt=\"Bild 5\" loading=\"lazy\">\n          <\/a>\n\n <a class=\"lux-gallery__item\" href=\"\" target=\"_blank\" rel=\"noopener\">\n            <img decoding=\"async\" src=\"https:\/\/smlounge.de\/wp-content\/uploads\/2026\/03\/IMG_5244.jpeg\" alt=\"Bild 6\" loading=\"lazy\">\n          <\/a>\n\n<a class=\"lux-gallery__item\" href=\"\" target=\"_blank\" rel=\"noopener\">\n            <img decoding=\"async\" src=\"https:\/\/smlounge.de\/wp-content\/uploads\/2026\/03\/IMG_5243.jpeg\" alt=\"Bild 7\" loading=\"lazy\">\n          <\/a>\n\n\n          <!-- \u2026 einfach weiter kopieren \u2026 -->\n\n        <\/div>\n\n      <\/div>\n    <\/div>\n\n    <!-------------------------------------------------------------------------------- TEXT + SOCIAL -->\n    <div class=\"lux-panel\">\n      <!-- wenn Text extrem lang: lux-bio lux-bio--long -->\n      <div class=\"lux-bio lux-bio--long\">\n        <h2 class=\"lux-bio__title\">\u00dcber mich<\/h2>\n        <div class=\"lux-bio__divider\"><\/div>\n\n        <div class=\"lux-bio__content\">\n         <p>\nIch bin Elisabeth und mag die K\u00f6rperlichen Spiele . Gerne klemme ich dich zwischen meine K\u00f6rper und nehme dir die Luft , den Willen und den Verstand. Du darfst mit mir auch gerne deine Kr\u00e4fte messen um mir am Ende dienen zu d\u00fcrfen. Mit Passion zeige ich dir wie es sich anf\u00fchlt von einer Frau gef\u00fchrt zu werden. <br><br>M\u00f6chtest du mir n\u00e4her kommen ? <br><br>Darfst du, wenn du das tust was ich sage. Oder magst du zusehen wie mir deine Qual Lust bereitet? In einer cuckold Session?! <br><br>Tease and Denial beherrsche ich in Perfektion bis dir der Atem stehen bleibt, am liebsten in Verbindung mit einem verdorbenen Rollenspiel. Ich mag alles was ausgefallen,versaut und aufregend ist und spiele gerne mit meinem K\u00f6rper an Dir&#8230;.daf\u00fcr nehme ich mir viel Zeit , weil ich es genie\u00dfe mit Reizen und der Lust zu spielen. <br><br>Mein Studio bietet f\u00fcr jedes Spiel Platz und die richtige Ausstattung&#8230;&#8230;wann magst du mit mir spielen &#8230;..?\n<\/p>\n          \n        <\/div>\n\n\n<style>\n.sm-schedule-wrapper {\n  width: 100%;\n  text-align: center;\n  margin-top: 16px;\n  padding: 0 8px;\n}\n\n.sm-schedule-table {\n  margin: 0 auto;\n  width: 100%;\n  max-width: 520px;\n  border-collapse: collapse;\n  font-family: 'Cinzel', serif;\n  color: #ffffff;\n  table-layout: fixed;\n}\n\n\/* Einheitliche H\u00f6he & perfekte Zentrierung *\/\n.sm-schedule-table td,\n.sm-schedule-table th {\n  height: 42px !important;\n  line-height: 42px !important;\n  padding: 0 !important;\n  margin: 0 !important;\n  vertical-align: middle !important;\n  text-align: center !important;\n  white-space: nowrap !important;\n}\n\n\/* \u00dcberschriftenstil *\/\n.sm-schedule-table th {\n  font-size: 16px;\n  text-transform: uppercase;\n  letter-spacing: 1.5px;\n  text-shadow: 0 0 8px rgba(255,255,255,0.45);\n  border-bottom: 1px solid rgba(255,255,255,0.25);\n}\n\n\/* Tabelleninhalt *\/\n.sm-schedule-table td {\n  font-size: 14px;\n  text-shadow: 0 0 5px rgba(255,255,255,0.4);\n  border-bottom: 1px solid rgba(255,255,255,0.12);\n}\n\n\/* Statusfarben *\/\n.sm-status-available {\n  color: #00ff00 !important;\n  text-shadow: 0 0 6px rgba(0,255,0,0.45);\n}\n\n.sm-status-away {\n  color: #ff4444 !important;\n  text-shadow: 0 0 6px rgba(255,0,0,0.45);\n}\n<\/style>\n\n      <\/div>\n    <\/div>\n\n  <\/div>\n\n<\/section>\n","protected":false},"excerpt":{"rendered":"<p>Lady Elisabeth Mistress Anwesenheit Status 22.04.2026 Verf\u00fcgbar 23.04.2026 Verf\u00fcgbar \u00dcber mich Ich bin Elisabeth und mag die K\u00f6rperlichen Spiele . Gerne klemme ich dich zwischen meine K\u00f6rper und nehme dir die Luft , den Willen und den Verstand. Du darfst mit mir auch gerne deine Kr\u00e4fte messen um mir am Ende dienen zu d\u00fcrfen. Mit &#8230; <a title=\"Lady Elisabeth\" class=\"read-more\" href=\"https:\/\/smlounge.de\/index.php\/ladyelisabeth\/\" aria-label=\"Mehr Informationen \u00fcber Lady Elisabeth\">Weiterlesen<\/a><\/p>\n","protected":false},"author":1,"featured_media":0,"parent":0,"menu_order":0,"comment_status":"closed","ping_status":"closed","template":"","meta":{"footnotes":""},"class_list":["post-1404","page","type-page","status-publish"],"_links":{"self":[{"href":"https:\/\/smlounge.de\/index.php\/wp-json\/wp\/v2\/pages\/1404","targetHints":{"allow":["GET"]}}],"collection":[{"href":"https:\/\/smlounge.de\/index.php\/wp-json\/wp\/v2\/pages"}],"about":[{"href":"https:\/\/smlounge.de\/index.php\/wp-json\/wp\/v2\/types\/page"}],"author":[{"embeddable":true,"href":"https:\/\/smlounge.de\/index.php\/wp-json\/wp\/v2\/users\/1"}],"replies":[{"embeddable":true,"href":"https:\/\/smlounge.de\/index.php\/wp-json\/wp\/v2\/comments?post=1404"}],"version-history":[{"count":9,"href":"https:\/\/smlounge.de\/index.php\/wp-json\/wp\/v2\/pages\/1404\/revisions"}],"predecessor-version":[{"id":1736,"href":"https:\/\/smlounge.de\/index.php\/wp-json\/wp\/v2\/pages\/1404\/revisions\/1736"}],"wp:attachment":[{"href":"https:\/\/smlounge.de\/index.php\/wp-json\/wp\/v2\/media?parent=1404"}],"curies":[{"name":"wp","href":"https:\/\/api.w.org\/{rel}","templated":true}]}}