{"id":1790,"date":"2026-04-28T17:41:55","date_gmt":"2026-04-28T15:41:55","guid":{"rendered":"https:\/\/smlounge.de\/?page_id=1790"},"modified":"2026-04-28T17:43:47","modified_gmt":"2026-04-28T15:43:47","slug":"victoria-violence","status":"publish","type":"page","link":"https:\/\/smlounge.de\/index.php\/victoria-violence\/","title":{"rendered":"Victoria Violence"},"content":{"rendered":"\n<section class=\"lux-profile\">\n\n  <header class=\"lux-profile__head\">\n   <h1 class=\"lux-profile__name\">Victoria Violence<\/h1>\n    <div class=\"lux-profile__tag\">Mistress<\/div>\n  <\/header>\n\n <!--------------------------------------------------------------- SOCIAL ICONS  -->\n        <div class=\"social-container-wrapper\">\n          <div class=\"social-container\">\n\n\n\n    <a href=\"https:\/\/wa.me\/+491623692277\" class=\"social-icon\" target=\"_blank\" rel=\"noopener\">\n      <img decoding=\"async\" src=\"https:\/\/www.smlounge.de\/wp-content\/uploads\/2026\/01\/oie_6121459qRoS0QlH.png\" alt=\"WhatsApp\">\n    <\/a>\n\n<a href=\"<a href=\"https:\/\/www.victoriaviolence.com\/\" class=\"social-icon\" target=\"_blank\" rel=\"noopener\">\n      <img decoding=\"async\" src=\"https:\/\/www.smlounge.de\/wp-content\/uploads\/2026\/01\/website-icon-29482-1.png\" alt=\"Website\">\n    <\/a>\n\n<a href=\"mailto:violencevictoria@gmail.com\" class=\"social-icon\" target=\"_blank\" rel=\"noopener\">\n      <img decoding=\"async\" src=\"https:\/\/www.smlounge.de\/wp-content\/uploads\/2026\/01\/icons8-email-50.png\" alt=\"Mail\">\n    <\/a>\n\t<a href=\"https:\/\/www.instagram.com\/violencevictoria\/\" class=\"social-icon\" target=\"_blank\" rel=\"noopener\">\n      <img decoding=\"async\" src=\"https:\/\/www.smlounge.de\/wp-content\/uploads\/2026\/01\/Instagram.png\" alt=\"Instagram\">\n    <\/a>\n          <\/div>\n        <\/div>\n\t\n\t\t<div class=\"sm-schedule-wrapper\">\n <table class=\"sm-schedule-table\">\n    <tr>\n      <th>Anwesenheit<\/th>\n      <th>Status<\/th>\n    <\/tr>\n\n    <tr>\n      <td>28.05.2026<\/td>\n      <td><span class=\"sm-status-available\">Verf\u00fcgbar<\/span><\/td>\n    <\/tr>    \n<tr>\n      <td>29.05.2026<\/td>\n      <td><span class=\"sm-status-available\">Verf\u00fcgbar<\/span><\/td>\n    <\/tr>  \n<tr>\n      <td>30.05.2026<\/td>\n      <td><span class=\"sm-status-available\">Verf\u00fcgbar<\/span><\/td>\n    <\/tr> \n     \n  <\/table>\n<\/div>\n\t<br>\t\n  <div class=\"lux-profile__grid\">\n\n     <!-- GALERIE -->\n    <div class=\"lux-panel\">\n      <div class=\"lux-gallery\">\n\n      <!-------------------------------------------------------------------------------------- Optional: Hauptbild -->\n        <a class=\"lux-gallery__hero\" href=\"\" target=\"_blank\" rel=\"noopener\">\n          <img decoding=\"async\" src=\"https:\/\/smlounge.de\/wp-content\/uploads\/2026\/04\/IMG_5190.jpg\" alt=\"Hauptbild\" loading=\"lazy\">\n        <\/a>\n\n        <!------------------------------------------------------------------------------------- Grid: beliebig viele Bilder -->\n        <div class=\"lux-gallery__grid\">\n\n   <a class=\"lux-gallery__item\" href=\"\" target=\"_blank\" rel=\"noopener\">\n            <img decoding=\"async\" src=\"https:\/\/smlounge.de\/wp-content\/uploads\/2026\/04\/IMG_3656.jpg\" alt=\"Bild 1.0\" loading=\"lazy\">\n          <\/a>\n\n <a class=\"lux-gallery__item\" href=\"\" target=\"_blank\" rel=\"noopener\">\n            <img decoding=\"async\" src=\"https:\/\/smlounge.de\/wp-content\/uploads\/2026\/04\/IMG_5425-scaled.jpg\" alt=\"Bild 1.0\" loading=\"lazy\">\n          <\/a>\n\n <a class=\"lux-gallery__item\" href=\"\" target=\"_blank\" rel=\"noopener\">\n            <img decoding=\"async\" src=\"https:\/\/smlounge.de\/wp-content\/uploads\/2026\/04\/IMG_0259-scaled.jpeg\" alt=\"Bild 1.0\" loading=\"lazy\">\n          <\/a>\n\n <a class=\"lux-gallery__item\" href=\"\" target=\"_blank\" rel=\"noopener\">\n            <img decoding=\"async\" src=\"https:\/\/smlounge.de\/wp-content\/uploads\/2026\/04\/IMG_1903.jpg\" alt=\"Bild 1.0\" loading=\"lazy\">\n          <\/a>\n\n <a class=\"lux-gallery__item\" href=\"\" target=\"_blank\" rel=\"noopener\">\n            <img decoding=\"async\" src=\"https:\/\/smlounge.de\/wp-content\/uploads\/2026\/04\/PHOTO-2025-10-10-13-26-30.jpg\" alt=\"Bild 1.0\" loading=\"lazy\">\n          <\/a>\n\n <a class=\"lux-gallery__item\" href=\"\" target=\"_blank\" rel=\"noopener\">\n            <img decoding=\"async\" src=\"https:\/\/smlounge.de\/wp-content\/uploads\/2026\/04\/image1-1-scaled.jpeg\" alt=\"Bild 1.0\" loading=\"lazy\">\n          <\/a>\n\n <a class=\"lux-gallery__item\" href=\"\" target=\"_blank\" rel=\"noopener\">\n            <img decoding=\"async\" src=\"https:\/\/smlounge.de\/wp-content\/uploads\/2026\/04\/IMG_0895.jpg\" alt=\"Bild 1.0\" loading=\"lazy\">\n          <\/a>\n\n <a class=\"lux-gallery__item\" href=\"\" target=\"_blank\" rel=\"noopener\">\n            <img decoding=\"async\" src=\"https:\/\/smlounge.de\/wp-content\/uploads\/2026\/04\/IMG_1957.jpg\" alt=\"Bild 1.0\" loading=\"lazy\">\n          <\/a>\n\n <a class=\"lux-gallery__item\" href=\"\" target=\"_blank\" rel=\"noopener\">\n            <img decoding=\"async\" src=\"https:\/\/smlounge.de\/wp-content\/uploads\/2026\/04\/IMG_4020.jpg\" alt=\"Bild 1.0\" loading=\"lazy\">\n          <\/a>\n\n <a class=\"lux-gallery__item\" href=\"\" target=\"_blank\" rel=\"noopener\">\n            <img decoding=\"async\" src=\"https:\/\/smlounge.de\/wp-content\/uploads\/2026\/04\/IMG_4443.jpg\" alt=\"Bild 1.0\" loading=\"lazy\">\n          <\/a>\n\n <a class=\"lux-gallery__item\" href=\"\" target=\"_blank\" rel=\"noopener\">\n            <img decoding=\"async\" src=\"https:\/\/smlounge.de\/wp-content\/uploads\/2026\/04\/IMG_6321-scaled.jpg\" alt=\"Bild 1.0\" loading=\"lazy\">\n          <\/a>\n\n<a class=\"lux-gallery__item\" href=\"\" target=\"_blank\" rel=\"noopener\">\n            <img decoding=\"async\" src=\"https:\/\/smlounge.de\/wp-content\/uploads\/2026\/04\/IMG_3670-scaled.jpg\" alt=\"Bild 1.0\" loading=\"lazy\">\n          <\/a>\n\n<a class=\"lux-gallery__item\" href=\"\" target=\"_blank\" rel=\"noopener\">\n            <img decoding=\"async\" src=\"https:\/\/smlounge.de\/wp-content\/uploads\/2026\/04\/IMG_0270-scaled.jpeg\" alt=\"Bild 1.0\" loading=\"lazy\">\n          <\/a>\n          <a class=\"lux-gallery__item\" href=\"\" target=\"_blank\" rel=\"noopener\">\n            <img decoding=\"async\" src=\"https:\/\/smlounge.de\/wp-content\/uploads\/2026\/04\/IMG_3612.jpg\" alt=\"Bild 2\" loading=\"lazy\">\n          <\/a>\n\n          <a class=\"lux-gallery__item\" href=\"\" target=\"_blank\" rel=\"noopener\">\n            <img decoding=\"async\" src=\"https:\/\/smlounge.de\/wp-content\/uploads\/2026\/04\/IMG_2420-scaled.jpg\" alt=\"Bild 3\" loading=\"lazy\">\n          <\/a>\n\n          <a class=\"lux-gallery__item\" href=\"\" target=\"_blank\" rel=\"noopener\">\n            <img decoding=\"async\" src=\"https:\/\/smlounge.de\/wp-content\/uploads\/2026\/04\/IMG_7389-scaled.jpg\" alt=\"Bild 4\" loading=\"lazy\">\n          <\/a>\n\n\n          <!-- \u2026 einfach weiter kopieren \u2026 -->\n\n        <\/div>\n\n      <\/div>\n    <\/div>\n\n    <!-------------------------------------------------------------------------------- TEXT + SOCIAL -->\n    <div class=\"lux-panel\">\n      <!-- wenn Text extrem lang: lux-bio lux-bio--long -->\n      <div class=\"lux-bio lux-bio--long\">\n        <h2 class=\"lux-bio__title\">\u00dcber mich<\/h2>\n        <div class=\"lux-bio__divider\"><\/div>\n\n        <div class=\"lux-bio__content\">\n        <p>\nVictoria Violence &#8211; Lass dich in die dunklen Abgr\u00fcnde deiner Lust begleiten.<br><br>\n\nBei mir erf\u00e4hrst du Dominanz &#038; Sadismus vereint mit Erotik &#038; Eleganz. <br>\nFolge mir in die Welt des Bizarren und erlebe das Besondere mit all deinen Sinnen.<br>\nUntersch\u00e4tze mich nicht wegen meiner freundlichen Stimme und meiner schlanken Erscheinung, denn ich trage ein Feuer und eine Leidenschaft in mir, die jedem Mann den Kopf verdreht. Ich werde dir eine Welt zeigen, in der deine Fantasie zur Realit\u00e4t wird&#8230;<br><br>\n\n\nAls fleischgewordener Fetischtraum in sch\u00f6nen reizenden Outfits, edlen Dessous oder in gl\u00e4nzendem und duftendem Latex. Klassisch elegant in hauchzarten feinen Nylons und exklusiven Pumps mit zarten und lackierten Fu\u00dfn\u00e4geln. Die perfekte Inszenierung in einem Rollenspiel, in der f\u00fcr eine Weile alles andere in Vergessenheit ger\u00e4t. Echte Perversion im Dirty Bereich, die ich mit einem verschmitzten L\u00e4cheln lustvoll an dir auslebe und deine Sehnsucht nach Verdorbenheit stille.\n<br><br>\nAls leidenschaftliche Bizarr\u00e4rztin empfange ich in diversen Outfits zu meiner besonderen Sprechstunde und f\u00fchre Kompetent in die Welt des Klinik Fetisch ein. <br><br>\n\nAUTHENTISCH &#038; EINZIGARTIG!<br><br>\n\nFortgeschrittene, werden genauso wie Anf\u00e4nger, auf Ihre Kosten kommen.<br><br>\nI also perform sessions in english! <br><br>\n\nVorlieben &#038; Services<br><br>\nDies ist eine Auswahl der Vorlieben und Services von Victoria Violence. Weitere Services und Details bitte gerne im direkten Kontakt abstimmen.<br><br>\n\nAge Play (z. B. Windeln)<br>\nAnale Spiele (z. B. Strapon)<br>\nBallbusting<br>\nBizarrerotik\/Ber\u00fchrbarkeit<br>\nBreath Play<br>\nDilatoren<br>\nErdbeerspiele<br>\nFacesitting<br>\nFeminisierung (z. B Sissy, TV-Erziehung)<br>\nFu\u00dferotik<br>\nKlassische (englische) Erziehung<br>\nKlinik<br>\nKV<br>\nLatex\/Rubber<br>\nLooning<br>\nMumifizierung<br>\nNadelungen\/Vern\u00e4hungen<br>\nNS<br>\nPeitsche\/Rohrstock\/Spanking<br>\nPetplay<br>\nRollenspiel<br>\nR\u00f6mische Dusche<br>\nSmoking\/Rauchfetisch<br>\nStrombehandlung<br>\nTease and Denial<br>\nVerh\u00f6re<br>\n<br>\nBevorzugte Praktiken<br><br>\nAnf\u00e4nger-Sessions<br>\n\nAnspu*ken \/ Dominakuss \/ Spi*ting<br>\n\nAte*kontrolle (soft-mittel)<br>\n\nAn*le Spiele bei Ihm ( Finger, Toys, Strap-On, Faust \/ Fis*ing)<br>\n\nBall Busting<br>\n\nBastonade<br>\n\nBenutzungsspiele<br>\n\nBondage<br>\n\nCold-\/Caning<br>\n\nCock &#038; Ball-Torturen (CBT)<br>\n\nCEI<br>\n\nCrushing<br>\n\nDehnungsspiele<br>\n\nDirty Games (KV\/ Vomit \/ NS)<br>\n\nDoppel-Dominanz<br>\n\nFeminisierung<br>\n\nFlag\/Hinternversohlen<br>\n\nElektrospiele<br>\n\nEkeltraining<br>\n\nFaceslapping<br>\n\nFu\u00dftritte<br>\n\nFu\u00dfverehrung<br>\n\nFolienbondage<br>\n\nHarnr\u00f6hren-Spiele (Dilatoren, Katheter&#8230;)<br>\n\nKastra*ionsfantasien<br>\n\nKeuschhaltung \/ Keyholding<br>\n\nKitzelspiele<br>\n\nKninikspiele \/ Frau Doktor<br>\n\nLatex \/ Heavyrubber<br>\n\nLooner Looning Luftballongs\n<br>\nMaskenspiele<br>\n\nMenschlicher Aschenbecher<br>\n\nMelkmaschine ( Venus 2000 \/ Suck-o-Mat )<br>\n\nMumifizierung<br><br>\n\nMeine Vorlieben<br>\nNylon-Fetis*h<br>\n\nNippel-Behandlungen<br>\n\nOrgasmusfol*er \/ Edging<br>\n\nOP-Simulation<br>\n\nPelzfetisch Furfetish\n<br>\nRasieren\/Zwan**rasur \/ Waxing<br>\n\nReizstr*m<br>\n\nRuinierter Orgasmus<br>\n\nRollenspiele<br>\n\nSchuhverehrung<br>\n\nSensorische Deprivation \/ Sinnesentzug<br>\n\nShopping-Tour mit Sklaven<br>\n\nStiefellecken<br>\n\nTease &#038; Denial<br>\n\nDressur \/ Petplay<br>\n\nTrampelspiele<br>\n\nTV- Erziehung<br>\n\nUnterspritzungen<br>\n\nVerbale Erni*drigung<br>\n\nVerge**ltigungespiele\n<br>\nWi**anleitung<br>\n\nZ\u00fcchtigung<br>\n\nZwa**f\u00fctterungen\/M\u00e4stungen<br>\n\nuvm.\n<br>\nN*delspiele\n<\/p>\n          \n        <\/div>\n\n\n<style>\n.sm-schedule-wrapper {\n  width: 100%;\n  text-align: center;\n  margin-top: 16px;\n  padding: 0 8px;\n}\n\n.sm-schedule-table {\n  margin: 0 auto;\n  width: 100%;\n  max-width: 520px;\n  border-collapse: collapse;\n  font-family: 'Cinzel', serif;\n  color: #ffffff;\n  table-layout: fixed;\n}\n\n\/* Einheitliche H\u00f6he & perfekte Zentrierung *\/\n.sm-schedule-table td,\n.sm-schedule-table th {\n  height: 42px !important;\n  line-height: 42px !important;\n  padding: 0 !important;\n  margin: 0 !important;\n  vertical-align: middle !important;\n  text-align: center !important;\n  white-space: nowrap !important;\n}\n\n\/* \u00dcberschriftenstil *\/\n.sm-schedule-table th {\n  font-size: 16px;\n  text-transform: uppercase;\n  letter-spacing: 1.5px;\n  text-shadow: 0 0 8px rgba(255,255,255,0.45);\n  border-bottom: 1px solid rgba(255,255,255,0.25);\n}\n\n\/* Tabelleninhalt *\/\n.sm-schedule-table td {\n  font-size: 14px;\n  text-shadow: 0 0 5px rgba(255,255,255,0.4);\n  border-bottom: 1px solid rgba(255,255,255,0.12);\n}\n\n\/* Statusfarben *\/\n.sm-status-available {\n  color: #00ff00 !important;\n  text-shadow: 0 0 6px rgba(0,255,0,0.45);\n}\n\n.sm-status-away {\n  color: #ff4444 !important;\n  text-shadow: 0 0 6px rgba(255,0,0,0.45);\n}\n<\/style>\n\n      <\/div>\n    <\/div>\n\n  <\/div>\n\n<\/section>\n","protected":false},"excerpt":{"rendered":"<p>Victoria Violence Mistress<\/p>\n","protected":false},"author":1,"featured_media":0,"parent":0,"menu_order":0,"comment_status":"closed","ping_status":"closed","template":"","meta":{"footnotes":""},"class_list":["post-1790","page","type-page","status-publish"],"_links":{"self":[{"href":"https:\/\/smlounge.de\/index.php\/wp-json\/wp\/v2\/pages\/1790","targetHints":{"allow":["GET"]}}],"collection":[{"href":"https:\/\/smlounge.de\/index.php\/wp-json\/wp\/v2\/pages"}],"about":[{"href":"https:\/\/smlounge.de\/index.php\/wp-json\/wp\/v2\/types\/page"}],"author":[{"embeddable":true,"href":"https:\/\/smlounge.de\/index.php\/wp-json\/wp\/v2\/users\/1"}],"replies":[{"embeddable":true,"href":"https:\/\/smlounge.de\/index.php\/wp-json\/wp\/v2\/comments?post=1790"}],"version-history":[{"count":1,"href":"https:\/\/smlounge.de\/index.php\/wp-json\/wp\/v2\/pages\/1790\/revisions"}],"predecessor-version":[{"id":1812,"href":"https:\/\/smlounge.de\/index.php\/wp-json\/wp\/v2\/pages\/1790\/revisions\/1812"}],"wp:attachment":[{"href":"https:\/\/smlounge.de\/index.php\/wp-json\/wp\/v2\/media?parent=1790"}],"curies":[{"name":"wp","href":"https:\/\/api.w.org\/{rel}","templated":true}]}}