{"id":1884,"date":"2026-05-04T18:52:32","date_gmt":"2026-05-04T16:52:32","guid":{"rendered":"https:\/\/smlounge.de\/?page_id=1884"},"modified":"2026-05-04T18:52:33","modified_gmt":"2026-05-04T16:52:33","slug":"harley-sadistic","status":"publish","type":"page","link":"https:\/\/smlounge.de\/index.php\/harley-sadistic\/","title":{"rendered":"Harley Sadistic"},"content":{"rendered":"\n<section class=\"lux-profile\">\n\n  <header class=\"lux-profile__head\">\n   <h1 class=\"lux-profile__name\">Harley Sadistic<\/h1>\n    <div class=\"lux-profile__tag\">Mistress<\/div>\n  <\/header>\n\n <!--------------------------------------------------------------- SOCIAL ICONS  -->\n        <div class=\"social-container-wrapper\">\n          <div class=\"social-container\">\n\n\n\n    <a href=\"https:\/\/wa.me\/+4915234800213\" class=\"social-icon\" target=\"_blank\" rel=\"noopener\">\n      <img decoding=\"async\" src=\"https:\/\/www.smlounge.de\/wp-content\/uploads\/2026\/01\/oie_6121459qRoS0QlH.png\" alt=\"WhatsApp\">\n    <\/a>\n\n<a href=\"https:\/\/t.me\/Bizarrlady_Harley\" class=\"social-icon\" target=\"_blank\" rel=\"noopener\">\n              <img decoding=\"async\" src=\"https:\/\/www.smlounge.de\/wp-content\/uploads\/2026\/01\/Telegram_2019_Logo.svg_.png\" alt=\"Telegram\">\n            <\/a>\n\n<a href=\"mailto:Ladyharley28gmail.com\" class=\"social-icon\" target=\"_blank\" rel=\"noopener\">\n      <img decoding=\"async\" src=\"https:\/\/www.smlounge.de\/wp-content\/uploads\/2026\/01\/icons8-email-50.png\" alt=\"Mail\">\n    <\/a>\n\t<a href=\"https:\/\/www.instagram.com\/sadistic_backup\" class=\"social-icon\" target=\"_blank\" rel=\"noopener\">\n      <img decoding=\"async\" src=\"https:\/\/www.smlounge.de\/wp-content\/uploads\/2026\/01\/Instagram.png\" alt=\"Instagram\">\n    <\/a>\n          <\/div>\n        <\/div>\n\t\n\t\t<div class=\"sm-schedule-wrapper\">\n <table class=\"sm-schedule-table\">\n    <tr>\n      <th>Anwesenheit<\/th>\n      <th>Status<\/th>\n    <\/tr>\n\n    <tr>\n      <td>15.06.2026<\/td>\n      <td><span class=\"sm-status-available\">Verf\u00fcgbar<\/span><\/td>\n    <\/tr>    \n<tr>\n      <td>16.06.2026<\/td>\n      <td><span class=\"sm-status-available\">Verf\u00fcgbar<\/span><\/td>\n    <\/tr>  \n<tr>\n      <td>17.06.2026<\/td>\n      <td><span class=\"sm-status-available\">Verf\u00fcgbar<\/span><\/td>\n    <\/tr>\n\n     \n  <\/table>\n<\/div>\n\t<br>\t\n  <div class=\"lux-profile__grid\">\n\n     <!-- GALERIE -->\n    <div class=\"lux-panel\">\n      <div class=\"lux-gallery\">\n\n      <!-------------------------------------------------------------------------------------- Optional: Hauptbild -->\n        <a class=\"lux-gallery__hero\" href=\"\" target=\"_blank\" rel=\"noopener\">\n          <img decoding=\"async\" src=\"https:\/\/smlounge.de\/wp-content\/uploads\/2026\/05\/IMG_1435-scaled.jpeg\" alt=\"Hauptbild\" loading=\"lazy\">\n        <\/a>\n\n        <!------------------------------------------------------------------------------------- Grid: beliebig viele Bilder -->\n        <div class=\"lux-gallery__grid\">\n\n   <a class=\"lux-gallery__item\" href=\"\" target=\"_blank\" rel=\"noopener\">\n            <img decoding=\"async\" src=\"https:\/\/smlounge.de\/wp-content\/uploads\/2026\/05\/23973261-2837-42D9-B993-591151A89685.png\" alt=\"Bild 1.0\" loading=\"lazy\">\n          <\/a>\n\n <a class=\"lux-gallery__item\" href=\"\" target=\"_blank\" rel=\"noopener\">\n            <img decoding=\"async\" src=\"https:\/\/smlounge.de\/wp-content\/uploads\/2026\/05\/AD0FC46A-2E17-4BBE-B92E-415A41C83E83.png\" alt=\"Bild 1.0\" loading=\"lazy\">\n          <\/a>\n\n <a class=\"lux-gallery__item\" href=\"\" target=\"_blank\" rel=\"noopener\">\n            <img decoding=\"async\" src=\"https:\/\/smlounge.de\/wp-content\/uploads\/2026\/05\/IMG_0768-scaled.jpeg\" alt=\"Bild 1.0\" loading=\"lazy\">\n          <\/a>\n\n <a class=\"lux-gallery__item\" href=\"\" target=\"_blank\" rel=\"noopener\">\n            <img decoding=\"async\" src=\"https:\/\/smlounge.de\/wp-content\/uploads\/2026\/05\/IMG_0837-scaled.jpeg\" alt=\"Bild 1.0\" loading=\"lazy\">\n          <\/a>\n\n <a class=\"lux-gallery__item\" href=\"\" target=\"_blank\" rel=\"noopener\">\n            <img decoding=\"async\" src=\"https:\/\/smlounge.de\/wp-content\/uploads\/2026\/05\/IMG_1361.jpeg\" alt=\"Bild 1.0\" loading=\"lazy\">\n          <\/a>\n\n <a class=\"lux-gallery__item\" href=\"\" target=\"_blank\" rel=\"noopener\">\n            <img decoding=\"async\" src=\"https:\/\/smlounge.de\/wp-content\/uploads\/2026\/05\/IMG_1437-scaled.jpeg\" alt=\"Bild 1.0\" loading=\"lazy\">\n          <\/a>\n\n <a class=\"lux-gallery__item\" href=\"\" target=\"_blank\" rel=\"noopener\">\n            <img decoding=\"async\" src=\"https:\/\/smlounge.de\/wp-content\/uploads\/2026\/05\/IMG_1444-scaled.jpeg\" alt=\"Bild 1.0\" loading=\"lazy\">\n          <\/a>\n\n <a class=\"lux-gallery__item\" href=\"\" target=\"_blank\" rel=\"noopener\">\n            <img decoding=\"async\" src=\"https:\/\/smlounge.de\/wp-content\/uploads\/2026\/05\/IMG_1441-scaled.jpeg\" alt=\"Bild 1.0\" loading=\"lazy\">\n          <\/a>\n\n <a class=\"lux-gallery__item\" href=\"\" target=\"_blank\" rel=\"noopener\">\n            <img decoding=\"async\" src=\"https:\/\/smlounge.de\/wp-content\/uploads\/2026\/05\/IMG_1449.jpeg\" alt=\"Bild 1.0\" loading=\"lazy\">\n          <\/a>\n\n          <!-- \u2026 einfach weiter kopieren \u2026 -->\n\n        <\/div>\n\n      <\/div>\n    <\/div>\n\n    <!-------------------------------------------------------------------------------- TEXT + SOCIAL -->\n    <div class=\"lux-panel\">\n      <!-- wenn Text extrem lang: lux-bio lux-bio--long -->\n      <div class=\"lux-bio lux-bio--long\">\n        <h2 class=\"lux-bio__title\">\u00dcber mich<\/h2>\n        <div class=\"lux-bio__divider\"><\/div>\n\n        <div class=\"lux-bio__content\">\n        <p>\nTritt n\u00e4her \u2013 wenn du dich traust\ud83d\udda4\ud83d\ude08\ud83d\ude0a<br><br>\n\nIch bin kein Zufall in deinem Kopf. Ich bin der Gedanke, der bleibt, wenn alles andere l\u00e4ngst verschwunden ist. Meine Welt ist gepr\u00e4gt von Kontrolle, feiner Wahrnehmung und der Kunst, Lust nicht einfach zu geben \u2013 sondern sie entstehen zu lassen. Schicht f\u00fcr Schicht. Blick f\u00fcr Blick. <br><br>\n\nBizarrerotik ist kein Spiel, das ich spiele. Sie ist die Essenz meines Seins. Ein Raum, in dem Regeln sich verschieben, in dem Reize intensiver werden und Grenzen beginnen zu flie\u00dfen.<br><br>\n\n Ich sehe, was dich reizt. Ich sp\u00fcre, wo dein Widerstand sitzt. Und genau dort beginne ich. Es ist nicht die \u00dcberschreitung, die dich ver\u00e4ndert \u2013 sondern der Moment davor. Der Augenblick, in dem du begreifst, dass du weiter gehen willst, als du je geplant hast. Mit mir gibt es keine Eile. Nur Intensit\u00e4t, die w\u00e4chst. Und eine Pr\u00e4senz, die dich nicht mehr losl\u00e4sst.<br><br>\n\nWenn du glaubst, dich zu kennen \u2013 dann hast du mich noch nicht erlebt.<br><br>\n\nMeine Services <br><br>\n\n\n\u2022 Age Play (z. B. Windeln)<br>\n\u2022 Anale Spiele (z. B. Strapon)<br>\n\u2022 Ballbusting<br>\n\u2022 Bizarrerotik \/ ber\u00fchrbare Erotik<br>\n\u2022 Bondage<br>\n\u2022 Breath Play<br>\n\u2022 CBT<br>\n\u2022 Dilatatoren<br>\n\u2022 Erdbeerspiele<br>\n\u2022 Facesitting<br>\n\u2022 Feminisierung (z. B. Sissy, TV-Erziehung)<br>\n\u2022 Fu\u00dferotik<br>\n\u2022 Klassische (englische) Erziehung<br>\n\u2022 Klinik<br>\n\u2022 KV<br>\n\u2022 Latex \/ Rubber<br>\n\u2022 Looning<br>\n\u2022 Mumifizierung<br>\n\u2022 Nadelungen \/ Vern\u00e4hungen<br>\n\u2022 NS<br>\n\u2022 Paare und Damen willkommen<br>\n\u2022 Peitsche \/ Rohrstock<br>\n\u2022 Petplay<br>\n\u2022 Rollenspiel<br>\n\u2022 R\u00f6mische Dusche<br>\n\u2022 Smoking \/ Rauchfetisch<br>\n\u2022 Strombehandlung<br>\n\u2022 Tease and Denial<br>\n\u2022 Verh\u00f6re<br>\n<br>\n<\/p>\n          \n        <\/div>\n\n\n<style>\n.sm-schedule-wrapper {\n  width: 100%;\n  text-align: center;\n  margin-top: 16px;\n  padding: 0 8px;\n}\n\n.sm-schedule-table {\n  margin: 0 auto;\n  width: 100%;\n  max-width: 520px;\n  border-collapse: collapse;\n  font-family: 'Cinzel', serif;\n  color: #ffffff;\n  table-layout: fixed;\n}\n\n\/* Einheitliche H\u00f6he & perfekte Zentrierung *\/\n.sm-schedule-table td,\n.sm-schedule-table th {\n  height: 42px !important;\n  line-height: 42px !important;\n  padding: 0 !important;\n  margin: 0 !important;\n  vertical-align: middle !important;\n  text-align: center !important;\n  white-space: nowrap !important;\n}\n\n\/* \u00dcberschriftenstil *\/\n.sm-schedule-table th {\n  font-size: 16px;\n  text-transform: uppercase;\n  letter-spacing: 1.5px;\n  text-shadow: 0 0 8px rgba(255,255,255,0.45);\n  border-bottom: 1px solid rgba(255,255,255,0.25);\n}\n\n\/* Tabelleninhalt *\/\n.sm-schedule-table td {\n  font-size: 14px;\n  text-shadow: 0 0 5px rgba(255,255,255,0.4);\n  border-bottom: 1px solid rgba(255,255,255,0.12);\n}\n\n\/* Statusfarben *\/\n.sm-status-available {\n  color: #00ff00 !important;\n  text-shadow: 0 0 6px rgba(0,255,0,0.45);\n}\n\n.sm-status-away {\n  color: #ff4444 !important;\n  text-shadow: 0 0 6px rgba(255,0,0,0.45);\n}\n<\/style>\n\n      <\/div>\n    <\/div>\n\n  <\/div>\n\n<\/section>\n","protected":false},"excerpt":{"rendered":"<p>Harley Sadistic Mistress Anwesenheit Status 15.06.2026 Verf\u00fcgbar 16.06.2026 Verf\u00fcgbar 17.06.2026 Verf\u00fcgbar \u00dcber mich Tritt n\u00e4her \u2013 wenn du dich traust\ud83d\udda4\ud83d\ude08\ud83d\ude0a Ich bin kein Zufall in deinem Kopf. Ich bin der Gedanke, der bleibt, wenn alles andere l\u00e4ngst verschwunden ist. Meine Welt ist gepr\u00e4gt von Kontrolle, feiner Wahrnehmung und der Kunst, Lust nicht einfach zu geben &#8230; <a title=\"Harley Sadistic\" class=\"read-more\" href=\"https:\/\/smlounge.de\/index.php\/harley-sadistic\/\" aria-label=\"Mehr Informationen \u00fcber Harley Sadistic\">Weiterlesen<\/a><\/p>\n","protected":false},"author":1,"featured_media":0,"parent":0,"menu_order":0,"comment_status":"closed","ping_status":"closed","template":"","meta":{"footnotes":""},"class_list":["post-1884","page","type-page","status-publish"],"_links":{"self":[{"href":"https:\/\/smlounge.de\/index.php\/wp-json\/wp\/v2\/pages\/1884","targetHints":{"allow":["GET"]}}],"collection":[{"href":"https:\/\/smlounge.de\/index.php\/wp-json\/wp\/v2\/pages"}],"about":[{"href":"https:\/\/smlounge.de\/index.php\/wp-json\/wp\/v2\/types\/page"}],"author":[{"embeddable":true,"href":"https:\/\/smlounge.de\/index.php\/wp-json\/wp\/v2\/users\/1"}],"replies":[{"embeddable":true,"href":"https:\/\/smlounge.de\/index.php\/wp-json\/wp\/v2\/comments?post=1884"}],"version-history":[{"count":1,"href":"https:\/\/smlounge.de\/index.php\/wp-json\/wp\/v2\/pages\/1884\/revisions"}],"predecessor-version":[{"id":1896,"href":"https:\/\/smlounge.de\/index.php\/wp-json\/wp\/v2\/pages\/1884\/revisions\/1896"}],"wp:attachment":[{"href":"https:\/\/smlounge.de\/index.php\/wp-json\/wp\/v2\/media?parent=1884"}],"curies":[{"name":"wp","href":"https:\/\/api.w.org\/{rel}","templated":true}]}}