{"id":350,"date":"2026-01-27T17:21:36","date_gmt":"2026-01-27T16:21:36","guid":{"rendered":"http:\/\/localhost\/?page_id=350"},"modified":"2026-03-23T19:42:24","modified_gmt":"2026-03-23T18:42:24","slug":"wanda","status":"publish","type":"page","link":"https:\/\/smlounge.de\/index.php\/wanda\/","title":{"rendered":"Wanda"},"content":{"rendered":"\n<section class=\"lux-profile\">\n\n  <header class=\"lux-profile__head\">\n    <h1 class=\"lux-profile__name\">Wanda<\/h1>\n    <div class=\"lux-profile__tag\">Mistress<\/div>\n  <\/header>\n\n<!--------------------------------------------------------------- SOCIAL ICONS  -->\n        <div class=\"social-container-wrapper\">\n          <div class=\"social-container\">\n\n\n <a href=\"https:\/\/www.galeriedesade.com\/Bremen\/Mistress-Wanda-beruehrbar-beruehrend-a23593.html\" class=\"social-icon\" target=\"_blank\" rel=\"noopener\">\n              <img decoding=\"async\" src=\"https:\/\/www.smlounge.de\/wp-content\/uploads\/2026\/01\/snapedit_1765024324891.png\" alt=\"GDS\">\n            <\/a>\n\n\n            <a href=\"https:\/\/wa.me\/+491751998610\" class=\"social-icon\" target=\"_blank\" rel=\"noopener\">\n              <img decoding=\"async\" src=\"https:\/\/www.smlounge.de\/wp-content\/uploads\/2026\/01\/oie_6121459qRoS0QlH.png\" alt=\"WhatsApp\">\n            <\/a>\n\n            <a href=\"https:\/\/t.me\/smlougehb\" class=\"social-icon\" target=\"_blank\" rel=\"noopener\">\n              <img decoding=\"async\" src=\"https:\/\/www.smlounge.de\/wp-content\/uploads\/2026\/01\/Telegram_2019_Logo.svg_.png\" alt=\"Telegram\">\n            <\/a>\n\n          <\/div>\n        <\/div>\n\t\t\n\t\t<div class=\"sm-schedule-wrapper\">\n  <table class=\"sm-schedule-table\">\n    <tr>\n      <th>Anwesenheit<\/th>\n      <th>Status<\/th>\n    <\/tr>\n    <tr>\n      <td>Jeden Dienstag<\/td>\n      <td><span class=\"sm-status-available\">Verf\u00fcgbar<\/span><\/td>\n    <\/tr>\n    <tr>\n     \n  <\/table>\n<\/div>\n\t<br>\t\n  <div class=\"lux-profile__grid\">\n\n    <!-- GALERIE -->\n    <div class=\"lux-panel\">\n      <div class=\"lux-gallery\">\n\n       <!-------------------------------------------------------------------------------------- Optional: Hauptbild -->\n        <a class=\"lux-gallery__hero\" href=\"\" target=\"_blank\" rel=\"noopener\">\n          <img decoding=\"async\" src=\"https:\/\/www.smlounge.de\/wp-content\/uploads\/2026\/01\/IMG_3019-scaled-1.jpeg\" alt=\"Hauptbild\" loading=\"lazy\">\n        <\/a>\n\n        <!------------------------------------------------------------------------------------- Grid: beliebig viele Bilder -->\n        <div class=\"lux-gallery__grid\">\n\n          <a class=\"lux-gallery__item\" href=\"https:\/\/www.smlounge.de\/wp-content\/uploads\/2026\/01\/IMG_3013-scaled-1.jpeg\" target=\"_blank\" rel=\"noopener\">\n            <img decoding=\"async\" src=\"https:\/\/www.smlounge.de\/wp-content\/uploads\/2026\/01\/IMG_3013-scaled-1.jpeg\" alt=\"Bild 2\" loading=\"lazy\">\n          <\/a>\n\n          <a class=\"lux-gallery__item\" href=\"https:\/\/www.smlounge.de\/wp-content\/uploads\/2026\/01\/IMG_3010.jpeg\" target=\"_blank\" rel=\"noopener\">\n            <img decoding=\"async\" src=\"https:\/\/www.smlounge.de\/wp-content\/uploads\/2026\/01\/IMG_3010.jpeg\" alt=\"Bild 3\" loading=\"lazy\">\n          <\/a>\n\n          <a class=\"lux-gallery__item\" href=\"https:\/\/www.smlounge.de\/wp-content\/uploads\/2026\/01\/IMG_3012-1.jpeg\" target=\"_blank\" rel=\"noopener\">\n            <img decoding=\"async\" src=\"https:\/\/www.smlounge.de\/wp-content\/uploads\/2026\/01\/IMG_3012-1.jpeg\" alt=\"Bild 4\" loading=\"lazy\">\n          <\/a>\n\n <a class=\"lux-gallery__item\" href=\"https:\/\/www.smlounge.de\/wp-content\/uploads\/2026\/01\/IMG_3017.jpeg\" target=\"_blank\" rel=\"noopener\">\n            <img decoding=\"async\" src=\"https:\/\/www.smlounge.de\/wp-content\/uploads\/2026\/01\/IMG_3017.jpeg\" alt=\"Bild 5\" loading=\"lazy\">\n          <\/a>\n\n <a class=\"lux-gallery__item\" href=\"https:\/\/www.smlounge.de\/wp-content\/uploads\/2026\/01\/IMG_3018.jpeg\" target=\"_blank\" rel=\"noopener\">\n            <img decoding=\"async\" src=\"https:\/\/www.smlounge.de\/wp-content\/uploads\/2026\/01\/IMG_3018.jpeg\" alt=\"Bild 6\" loading=\"lazy\">\n          <\/a>\n\n<a class=\"lux-gallery__item\" href=\"\" target=\"_blank\" rel=\"noopener\">\n            <img decoding=\"async\" src=\"https:\/\/www.smlounge.de\/wp-content\/uploads\/2026\/01\/IMG_3015-scaled-1.jpeg\" alt=\"Bild 7\" loading=\"lazy\">\n          <\/a>\n\n          <!-- \u2026 einfach weiter kopieren \u2026 -->\n\n        <\/div>\n\n      <\/div>\n    <\/div>\n\n    <!-------------------------------------------------------------------------------- TEXT + SOCIAL -->\n    <div class=\"lux-panel\">\n      <!-- wenn Text extrem lang: lux-bio lux-bio--long -->\n      <div class=\"lux-bio lux-bio--long\">\n        <h2 class=\"lux-bio__title\">\u00dcber mich<\/h2>\n        <div class=\"lux-bio__divider\"><\/div>\n\n        <div class=\"lux-bio__content\">\n          <p>Ich bin eine sinnliche und feinsinnige Spielerin \u2013 eine facettenreiche Frau mit ausgepr\u00e4gten Sinn f\u00fcr Macht und Tiefe, Fetisch und Kink, Lust und Schmerz. Mein Sadismus ist kein Zufall, sondern Ausdruck meiner Lust, die sich bewusst an deinen Reaktionen n\u00e4hrt. Ich sp\u00fcre genau, wann du bereit bist, dich mir hinzugeben \u2013 dann lenke ich unser Spiel mit Klarheit und Kontrolle.<br><br>\n\nDu magst es sanft aber mit erforderlicher Strenge erzogen zu werden? Mit Lustschmerz zu spielen und benutzt zu werden? Dann bist Du genau richtig in meinen einf\u00fchlsamen H\u00e4nden! Ich werde dir \u2013 auch w\u00f6rtlich \u2013 den Atem rauben.<br><br>\n\nErz\u00e4hl mir von deinen Fantasien und wir schauen, wie wir sie umsetzten. F\u00fcr neue Erfahrungen bin ich immer offen. Bei mir kannst du deine und meine Fantasien ausleben und genie\u00dfen. Ich werde dich in eine Welt der Ekstase und Leiden(!)schaft entf\u00fchren.<br><br>\n\nDu bist etwas sch\u00fcchtern und noch unerfahren? Mach die keine Sorge, ich bin sehr einf\u00fchlsam und du bist bei mir in guten H\u00e4nden. Gerade mit Neueinsteigern habe ich bereits viele Erfahrungen. Ich bin mit gro\u00dfem Spa\u00df dabei und mag es authentisch. Bei mir kommt Qualit\u00e4t vor Quantit\u00e4t. Und ich w\u00e4hle meine Dates mit Bedacht aus.Du kannst dich bei mir fallen lassen und mir deine geheimen W\u00fcnsche (aber alles nur safe und nichts Extremes) anvertrauen.\n<br><br>\nMeine Spezialit\u00e4ten und gro\u00dfen Vorlieben sind: Shibari\/Rope Bondage (ich fessel dich!), Atmkontrolle, Faceitting, Dirty Talk, CBT, Span*ing, Peitschen, Pegging, Squirten, NS, Nippelklemmen, Keuschhaltung\/Keyholding, Tease and Denial, Rollenspiele, Ohrfeigen, hartes Anfassen, Trampling. Insbesondere Fu\u00df- und Nylonliebhaber sind mehr als willkommen.<br><br>\n\nMeine F\u00fc\u00dfe lieben die Aufmerksamkeit und wollen intensiv gele**t und auch massiert werden. Schaffst du es mich besonders gl\u00fccklich zu machen? Deine Mistress kann bei einer besonders guten Fu\u00dfsession auch kommen. Ein H\u00f6hepunkt f\u00fcr uns beiden.<br><br>\n\nIch trage wahnsinnig gerne sexy und aufreizende Dessous sowie Lack-Outfits. Gerne auch nach Absprache dein Wunschoutfit (und falls ich etwas nicht besitze, lasse ich mich gerne beschenken)<br><br>\n\nSag mir einfach was du dir vorstellst. Nat\u00fcrlich komme ich erst einmal diskret gekleidet zu unserem Treffpunkt. Hygiene, Diskretion und gegenseitige Wertsch\u00e4tzung sind mir sehr wichtig! Etwas, das ich auch von dir erwarte! Das hei\u00dft, du bist frisch geduscht oder duscht zuerst vor Ort.<br><br>\n\nWas ich nicht anbiete ist GV, ora* bei dir, Anfassen oberhalb der G\u00fcrtellinie.<br><br>\n\nIch freue mich auf dich,<br>\nWanda\n<br><br>\nMehr Infos gerne per Telefon&#8230;\n<br><\/p>\n          \n        <\/div>\n\n\n<style>\n.sm-schedule-wrapper {\n  width: 100%;\n  text-align: center;\n  margin-top: 16px;\n  padding: 0 8px;\n}\n\n.sm-schedule-table {\n  margin: 0 auto;\n  width: 100%;\n  max-width: 520px;\n  border-collapse: collapse;\n  font-family: 'Cinzel', serif;\n  color: #ffffff;\n  table-layout: fixed;\n}\n\n\/* Einheitliche H\u00f6he & perfekte Zentrierung *\/\n.sm-schedule-table td,\n.sm-schedule-table th {\n  height: 42px !important;\n  line-height: 42px !important;\n  padding: 0 !important;\n  margin: 0 !important;\n  vertical-align: middle !important;\n  text-align: center !important;\n  white-space: nowrap !important;\n}\n\n\/* \u00dcberschriftenstil *\/\n.sm-schedule-table th {\n  font-size: 16px;\n  text-transform: uppercase;\n  letter-spacing: 1.5px;\n  text-shadow: 0 0 8px rgba(255,255,255,0.45);\n  border-bottom: 1px solid rgba(255,255,255,0.25);\n}\n\n\/* Tabelleninhalt *\/\n.sm-schedule-table td {\n  font-size: 14px;\n  text-shadow: 0 0 5px rgba(255,255,255,0.4);\n  border-bottom: 1px solid rgba(255,255,255,0.12);\n}\n\n\/* Statusfarben *\/\n.sm-status-available {\n  color: #00ff00 !important;\n  text-shadow: 0 0 6px rgba(0,255,0,0.45);\n}\n\n.sm-status-away {\n  color: #ff4444 !important;\n  text-shadow: 0 0 6px rgba(255,0,0,0.45);\n}\n<\/style>\n\n      <\/div>\n    <\/div>\n\n  <\/div>\n\n<\/section>\n","protected":false},"excerpt":{"rendered":"<p>Wanda Mistress Anwesenheit Status Jeden Dienstag Verf\u00fcgbar \u00dcber mich Ich bin eine sinnliche und feinsinnige Spielerin \u2013 eine facettenreiche Frau mit ausgepr\u00e4gten Sinn f\u00fcr Macht und Tiefe, Fetisch und Kink, Lust und Schmerz. Mein Sadismus ist kein Zufall, sondern Ausdruck meiner Lust, die sich bewusst an deinen Reaktionen n\u00e4hrt. Ich sp\u00fcre genau, wann du bereit &#8230; <a title=\"Wanda\" class=\"read-more\" href=\"https:\/\/smlounge.de\/index.php\/wanda\/\" aria-label=\"Mehr Informationen \u00fcber Wanda\">Weiterlesen<\/a><\/p>\n","protected":false},"author":1,"featured_media":0,"parent":0,"menu_order":0,"comment_status":"closed","ping_status":"closed","template":"","meta":{"footnotes":""},"class_list":["post-350","page","type-page","status-publish"],"_links":{"self":[{"href":"https:\/\/smlounge.de\/index.php\/wp-json\/wp\/v2\/pages\/350","targetHints":{"allow":["GET"]}}],"collection":[{"href":"https:\/\/smlounge.de\/index.php\/wp-json\/wp\/v2\/pages"}],"about":[{"href":"https:\/\/smlounge.de\/index.php\/wp-json\/wp\/v2\/types\/page"}],"author":[{"embeddable":true,"href":"https:\/\/smlounge.de\/index.php\/wp-json\/wp\/v2\/users\/1"}],"replies":[{"embeddable":true,"href":"https:\/\/smlounge.de\/index.php\/wp-json\/wp\/v2\/comments?post=350"}],"version-history":[{"count":8,"href":"https:\/\/smlounge.de\/index.php\/wp-json\/wp\/v2\/pages\/350\/revisions"}],"predecessor-version":[{"id":1487,"href":"https:\/\/smlounge.de\/index.php\/wp-json\/wp\/v2\/pages\/350\/revisions\/1487"}],"wp:attachment":[{"href":"https:\/\/smlounge.de\/index.php\/wp-json\/wp\/v2\/media?parent=350"}],"curies":[{"name":"wp","href":"https:\/\/api.w.org\/{rel}","templated":true}]}}