{"id":407,"date":"2026-01-27T18:39:44","date_gmt":"2026-01-27T17:39:44","guid":{"rendered":"http:\/\/localhost\/?page_id=407"},"modified":"2026-03-13T12:00:34","modified_gmt":"2026-03-13T11:00:34","slug":"quesadilacoco","status":"publish","type":"page","link":"https:\/\/smlounge.de\/index.php\/quesadilacoco\/","title":{"rendered":"Quesadila Coco"},"content":{"rendered":"\n<section class=\"lux-profile\">\n\n  <header class=\"lux-profile__head\">\n    <h1 class=\"lux-profile__name\">Quesadila Coco<\/h1>\n    <div class=\"lux-profile__tag\">Mistress<\/div>\n  <\/header>\n\n <!--------------------------------------------------------------- SOCIAL ICONS  -->\n        <div class=\"social-container-wrapper\">\n          <div class=\"social-container\">\n\n\n<a href=\"https:\/\/www.quesadila-coco.de\/\" class=\"social-icon\" target=\"_blank\" rel=\"noopener\">\n      <img decoding=\"async\" src=\"https:\/\/www.smlounge.de\/wp-content\/uploads\/2026\/01\/website-icon-29482-1.png\" alt=\"Website\">\n    <\/a>\n\n    <a href=\"https:\/\/wa.me\/4917646646374\" class=\"social-icon\" target=\"_blank\" rel=\"noopener\">\n      <img decoding=\"async\" src=\"https:\/\/www.smlounge.de\/wp-content\/uploads\/2026\/01\/oie_6121459qRoS0QlH.png\" alt=\"WhatsApp\">\n    <\/a>\n\n    <a href=\"https:\/\/x.com\/quesadilacoco?s=11\" class=\"social-icon\" target=\"_blank\" rel=\"noopener\">\n      <img decoding=\"async\" src=\"https:\/\/www.smlounge.de\/wp-content\/uploads\/2026\/01\/logo-twitter-png-47448-1.png\" alt=\"X\">\n    <\/a>\n\n          <\/div>\n        <\/div>\n\t\t\n\t\t<div class=\"sm-schedule-wrapper\">\n  <table class=\"sm-schedule-table\">\n   <tr>\n      <th>Anwesenheit<\/th>\n      <th>Status<\/th>\n    <\/tr>\n\n    <tr>\n      <td>18.05.2026<\/td>\n      <td><span class=\"sm-status-available\">Verf\u00fcgbar<\/span><\/td>\n    <\/tr>\n\n<tr>\n      <td>19.05.2026<\/td>\n      <td><span class=\"sm-status-available\">Verf\u00fcgbar<\/span><\/td>\n    <\/tr>\n\n\n     \n  <\/table>\n<\/div>\n\t<br>\t\n  <div class=\"lux-profile__grid\">\n\n     <!-- GALERIE -->\n    <div class=\"lux-panel\">\n      <div class=\"lux-gallery\">\n\n       <!-------------------------------------------------------------------------------------- Optional: Hauptbild -->\n        <a class=\"lux-gallery__hero\" href=\"\" target=\"_blank\" rel=\"noopener\">\n          <img decoding=\"async\" src=\"https:\/\/www.smlounge.de\/wp-content\/uploads\/2026\/01\/IMG_4127-1.jpeg\" alt=\"Hauptbild\" loading=\"lazy\">\n        <\/a>\n\n        <!------------------------------------------------------------------------------------- Grid: beliebig viele Bilder -->\n        <div class=\"lux-gallery__grid\">\n\n          <a class=\"lux-gallery__item\" href=\"\" target=\"_blank\" rel=\"noopener\">\n            <img decoding=\"async\" src=\"https:\/\/www.smlounge.de\/wp-content\/uploads\/2026\/01\/IMG_4123.jpeg\" alt=\"Bild 2\" loading=\"lazy\">\n          <\/a>\n\n          <a class=\"lux-gallery__item\" href=\"\" target=\"_blank\" rel=\"noopener\">\n            <img decoding=\"async\" src=\"https:\/\/www.smlounge.de\/wp-content\/uploads\/2026\/01\/IMG_4125.jpeg\" alt=\"Bild 3\" loading=\"lazy\">\n          <\/a>\n\n          <a class=\"lux-gallery__item\" href=\"\" target=\"_blank\" rel=\"noopener\">\n            <img decoding=\"async\" src=\"https:\/\/www.smlounge.de\/wp-content\/uploads\/2026\/01\/IMG_4126.jpeg\" alt=\"Bild 4\" loading=\"lazy\">\n          <\/a>\n\n <a class=\"lux-gallery__item\" href=\"\" target=\"_blank\" rel=\"noopener\">\n            <img decoding=\"async\" src=\"https:\/\/www.smlounge.de\/wp-content\/uploads\/2026\/01\/IMG_4128.jpeg\" alt=\"Bild 5\" loading=\"lazy\">\n          <\/a>\n\n\n\n          <!-- \u2026 einfach weiter kopieren \u2026 -->\n\n        <\/div>\n\n      <\/div>\n    <\/div>\n\n    <!-------------------------------------------------------------------------------- TEXT + SOCIAL -->\n    <div class=\"lux-panel\">\n      <!-- wenn Text extrem lang: lux-bio lux-bio--long -->\n      <div class=\"lux-bio lux-bio--long\">\n        <h2 class=\"lux-bio__title\">\u00dcber mich<\/h2>\n        <div class=\"lux-bio__divider\"><\/div>\n\n        <div class=\"lux-bio__content\">\n        <p>\n&#8222;Positiv Pervers&#8220;<br><br>\n\nMich reizt das Au\u00dfergew\u00f6hnliche. Das Besondere. Extremes. Alternatives. Sinnlichkeit und aufrichtige . Ideen. Tatenkraft. Szenarien. Begierde. N\u00e4he und Distanz. Tiefgang. Adrenalinst\u00f6\u00dfe. Entladungen. Lach- und Sachgeschichten in ruhigen Momenten.<br><br>\nIch mag Fantasien und das offene Wort. Besondere Vorlieben, Fetische und Leidenschaften. Zuverl\u00e4ssigkeit. Menschen, die in der Lage sind und sich zu trauen, diese offen und frei zu kommunizieren. Um dann, mutig und entschlossen, in die Umsetzung zu gehen.<br><br>\n\nGib dich mir hin, sei mein Spielball und genie\u00dfe deinen Moment, mich entertainen zu d\u00fcrfen. Dabei haben Machtgef\u00e4lle f\u00fcr mich einen besonderen Reiz. Bei mir findest du einen sicheren Raum, um dich mitteilen und erleben zu k\u00f6nnen. V\u00f6llig diskret und frei von Be-, oder Verurteilungen.<br><br>\n\nBDSM hat in all seinen Facetten eine besondere Wirkung auf mich und das bereits seit einigen Jahren. Nun bin ich also bereit, mit eben diesen Erfahrungen und meiner gelernten T\u00e4tigkeit als Krankenschwester, reihenweise K\u00f6pfe zu verdrehen und dich s\u00fcchtig zu machen.<br><br>\n\nMein sanftes Erscheinungsbild und mein freundliches Wesen wiegen dich in Sicherheit. So lange, bis wir alleine sind und der D\u00e4mon in mir die F\u00fchrung \u00fcbernimmt. Kennst du die Legende des Succubus? Der D\u00e4monin, die dem (schlafenden) Manne seines Samens beraubt?<br><br>\n\nIch agiere in ambivalenten Tendenzen. Beherrsche es, dich sowohl souver\u00e4n in den Bereich deines Subspace zu bef\u00f6rdern. Hart und herzlich. Konsequent und sinnlich. Als auch daf\u00fcr Sorge zu tragen, dich wieder aufzufangen und sicher landen zu lassen.\n<br><br>\nSoweit zu mir.<br><br>\n\nWas ist mit dir?\n<br><br>\nBis bald,<br><br>\n\nQuesadila Coco\n<br><br>\n\nService:<br><br>\n\nKlinik Spezialisiert (exam. Krankenschwester)<br>\nSadistin<br>\nAn*lbehandlungen<br>\nAnf\u00e4nger angenehm<br>\nAt*mreduktion<br>\nAufseherin<br>\nBabyerziehung<br>\nBenutzungsspiele<br>\nBrustwarzenbehandlung<br>\nCBT<br>\nCold caning<br>\nCutting<br>\nDem\u00fctigung<br>\nFacesitting<br>\nFeminisierung<br>\nFetisch-Klinikspiele<br>\nFixierungsspiele<br>\nFlagellation<br>\nFrau Doktor<br>\nFriseurspiele<br>\nFrivoles Ausgehen<br>\nFu\u00dferotik<br>\nGummi Latex<br>\nGummierziehung<br>\nHigh Heels<br>\nH*renausbildung<br>\nKeuschhaltung<br>\nKitzelf*lter<br>\nKrankenschwester<br>\nMaskenspiele<br>\nMumifizierung<br>\nNS<br>\nNylons<br>\nN\u00e4hspiele<br>\nPartnererziehung<br>\nPatient<br>\nPetspiele &#8211; Hund &#8211; Ponny<br>\nRasur<br>\nRohrstockerziehung<br>\nRollenspiele<br>\nR\u00f6mische Dusche<br>\nSadistin<br>\nSchuh- und Fu\u00dferotik<br>\nSchulerziehung<br>\nSch\u00fcler &#8211; Lehrerin<br>\nSpitting<br>\nStrap On Dildo Spiele<br>\nTittentorture<br>\nTrampling<br>\nTunnelspiele<br>\nUnterspritzungen<br>\nVerbalerotik<br>\nverdorb. tabul. Schweste<br>\nVerskl*vung<br>\nVorf\u00fchrung<br>\nWachs<br>\nZw*ngsentsamung<br>\nZw*ngsern\u00e4hrung<br>\n\nSonstiges nach Absprache<br>\n<\/p>\n          \n        <\/div>\n\n\n<style>\n.sm-schedule-wrapper {\n  width: 100%;\n  text-align: center;\n  margin-top: 16px;\n  padding: 0 8px;\n}\n\n.sm-schedule-table {\n  margin: 0 auto;\n  width: 100%;\n  max-width: 520px;\n  border-collapse: collapse;\n  font-family: 'Cinzel', serif;\n  color: #ffffff;\n  table-layout: fixed;\n}\n\n\/* Einheitliche H\u00f6he & perfekte Zentrierung *\/\n.sm-schedule-table td,\n.sm-schedule-table th {\n  height: 42px !important;\n  line-height: 42px !important;\n  padding: 0 !important;\n  margin: 0 !important;\n  vertical-align: middle !important;\n  text-align: center !important;\n  white-space: nowrap !important;\n}\n\n\/* \u00dcberschriftenstil *\/\n.sm-schedule-table th {\n  font-size: 16px;\n  text-transform: uppercase;\n  letter-spacing: 1.5px;\n  text-shadow: 0 0 8px rgba(255,255,255,0.45);\n  border-bottom: 1px solid rgba(255,255,255,0.25);\n}\n\n\/* Tabelleninhalt *\/\n.sm-schedule-table td {\n  font-size: 14px;\n  text-shadow: 0 0 5px rgba(255,255,255,0.4);\n  border-bottom: 1px solid rgba(255,255,255,0.12);\n}\n\n\/* Statusfarben *\/\n.sm-status-available {\n  color: #00ff00 !important;\n  text-shadow: 0 0 6px rgba(0,255,0,0.45);\n}\n\n.sm-status-away {\n  color: #ff4444 !important;\n  text-shadow: 0 0 6px rgba(255,0,0,0.45);\n}\n<\/style>\n\n      <\/div>\n    <\/div>\n\n  <\/div>\n\n<\/section>\n","protected":false},"excerpt":{"rendered":"<p>Quesadila Coco Mistress Anwesenheit Status 18.05.2026 Verf\u00fcgbar 19.05.2026 Verf\u00fcgbar \u00dcber mich &#8222;Positiv Pervers&#8220; Mich reizt das Au\u00dfergew\u00f6hnliche. Das Besondere. Extremes. Alternatives. Sinnlichkeit und aufrichtige . Ideen. Tatenkraft. Szenarien. Begierde. N\u00e4he und Distanz. Tiefgang. Adrenalinst\u00f6\u00dfe. Entladungen. Lach- und Sachgeschichten in ruhigen Momenten. Ich mag Fantasien und das offene Wort. Besondere Vorlieben, Fetische und Leidenschaften. Zuverl\u00e4ssigkeit. Menschen, &#8230; <a title=\"Quesadila Coco\" class=\"read-more\" href=\"https:\/\/smlounge.de\/index.php\/quesadilacoco\/\" aria-label=\"Mehr Informationen \u00fcber Quesadila Coco\">Weiterlesen<\/a><\/p>\n","protected":false},"author":1,"featured_media":0,"parent":0,"menu_order":0,"comment_status":"closed","ping_status":"closed","template":"","meta":{"footnotes":""},"class_list":["post-407","page","type-page","status-publish"],"_links":{"self":[{"href":"https:\/\/smlounge.de\/index.php\/wp-json\/wp\/v2\/pages\/407","targetHints":{"allow":["GET"]}}],"collection":[{"href":"https:\/\/smlounge.de\/index.php\/wp-json\/wp\/v2\/pages"}],"about":[{"href":"https:\/\/smlounge.de\/index.php\/wp-json\/wp\/v2\/types\/page"}],"author":[{"embeddable":true,"href":"https:\/\/smlounge.de\/index.php\/wp-json\/wp\/v2\/users\/1"}],"replies":[{"embeddable":true,"href":"https:\/\/smlounge.de\/index.php\/wp-json\/wp\/v2\/comments?post=407"}],"version-history":[{"count":12,"href":"https:\/\/smlounge.de\/index.php\/wp-json\/wp\/v2\/pages\/407\/revisions"}],"predecessor-version":[{"id":1443,"href":"https:\/\/smlounge.de\/index.php\/wp-json\/wp\/v2\/pages\/407\/revisions\/1443"}],"wp:attachment":[{"href":"https:\/\/smlounge.de\/index.php\/wp-json\/wp\/v2\/media?parent=407"}],"curies":[{"name":"wp","href":"https:\/\/api.w.org\/{rel}","templated":true}]}}