{"id":466,"date":"2026-01-27T19:46:44","date_gmt":"2026-01-27T18:46:44","guid":{"rendered":"http:\/\/localhost\/?page_id=466"},"modified":"2026-05-04T19:18:59","modified_gmt":"2026-05-04T17:18:59","slug":"meesterespia","status":"publish","type":"page","link":"https:\/\/smlounge.de\/index.php\/meesterespia\/","title":{"rendered":"Meesteres Pia"},"content":{"rendered":"\n<section class=\"lux-profile\">\n\n  <header class=\"lux-profile__head\">\n   <h1 class=\"lux-profile__name\">Meesteres Pia<\/h1>\n    <div class=\"lux-profile__tag\">Mistress<\/div>\n  <\/header>\n\n <!--------------------------------------------------------------- SOCIAL ICONS  -->\n        <div class=\"social-container-wrapper\">\n          <div class=\"social-container\">\n\n\n <a href=\"https:\/\/www.ladypia.net\" class=\"social-icon\" target=\"_blank\" rel=\"noopener\">\n      <img decoding=\"async\" src=\"https:\/\/www.smlounge.de\/wp-content\/uploads\/2026\/01\/website-icon-29482-1.png\" alt=\"Website\">\n    <\/a>\n\n    <a href=\"https:\/\/wa.me\/+15226634460\" class=\"social-icon\" target=\"_blank\" rel=\"noopener\">\n      <img decoding=\"async\" src=\"https:\/\/www.smlounge.de\/wp-content\/uploads\/2026\/01\/oie_6121459qRoS0QlH.png\" alt=\"WhatsApp\">\n    <\/a>\n\n\n    <a href=\"https:\/\/x.com\/@pia_ladypia\" class=\"social-icon\" target=\"_blank\" rel=\"noopener\">\n      <img decoding=\"async\" src=\"https:\/\/www.smlounge.de\/wp-content\/uploads\/2026\/01\/logo-twitter-png-47448-1.png\" alt=\"X\">\n    <\/a>\n\n<a href=\"mailto:Ladypia@outlook.com\" class=\"social-icon\" target=\"_blank\" rel=\"noopener\">\n      <img decoding=\"async\" src=\"https:\/\/www.smlounge.de\/wp-content\/uploads\/2026\/01\/icons8-email-50.png\" alt=\"Mail\">\n    <\/a>\n          <\/div>\n        <\/div>\n\t\t\n\t\t<div class=\"sm-schedule-wrapper\">\n  <table class=\"sm-schedule-table\">\n  \n\n <tr>\n      <th>Anwesenheit<\/th>\n      <th>Status<\/th>\n    <\/tr>\n\n    <tr>\n      <td>11.05.2026<\/td>\n      <td><span class=\"sm-status-available\">Verf\u00fcgbar<\/span><\/td>\n    <\/tr>  \n<tr>\n      <td>12.05.2026<\/td>\n      <td><span class=\"sm-status-available\">Verf\u00fcgbar<\/span><\/td>\n    <\/tr>  \n\n<tr>\n      <td>15.06.2026<\/td>\n      <td><span class=\"sm-status-available\">Verf\u00fcgbar<\/span><\/td>\n    <\/tr>    \n<tr>\n      <td>16.06.2026<\/td>\n      <td><span class=\"sm-status-available\">Verf\u00fcgbar<\/span><\/td>\n    <\/tr>  \n<tr>\n      <td>17.06.2026<\/td>\n      <td><span class=\"sm-status-available\">Verf\u00fcgbar<\/span><\/td>\n    <\/tr>\n  <\/table>\n<\/div>\n\t<br>\t\n  <div class=\"lux-profile__grid\">\n\n     <!-- GALERIE -->\n    <div class=\"lux-panel\">\n      <div class=\"lux-gallery\">\n\n        <!-------------------------------------------------------------------------------------- Optional: Hauptbild -->\n        <a class=\"lux-gallery__hero\" href=\"\" target=\"_blank\" rel=\"noopener\">\n          <img decoding=\"async\" src=\"https:\/\/www.smlounge.de\/wp-content\/uploads\/2026\/01\/IMG_4209.jpeg\" alt=\"Hauptbild\" loading=\"lazy\">\n        <\/a>\n\n        <!------------------------------------------------------------------------------------- Grid: beliebig viele Bilder -->\n        <div class=\"lux-gallery__grid\">\n\n          <a class=\"lux-gallery__item\" href=\"\" target=\"_blank\" rel=\"noopener\">\n            <img decoding=\"async\" src=\"https:\/\/www.smlounge.de\/wp-content\/uploads\/2026\/01\/IMG_4210-1.jpeg\" alt=\"Bild 2\" loading=\"lazy\">\n          <\/a>\n\n          <a class=\"lux-gallery__item\" href=\"\" target=\"_blank\" rel=\"noopener\">\n            <img decoding=\"async\" src=\"https:\/\/www.smlounge.de\/wp-content\/uploads\/2026\/01\/IMG_4211.jpeg\" alt=\"Bild 3\" loading=\"lazy\">\n          <\/a>\n\n          <!-- \u2026 einfach weiter kopieren \u2026 -->\n\n        <\/div>\n\n      <\/div>\n    <\/div>\n\n    <!-------------------------------------------------------------------------------- TEXT + SOCIAL -->\n    <div class=\"lux-panel\">\n      <!-- wenn Text extrem lang: lux-bio lux-bio--long -->\n      <div class=\"lux-bio lux-bio--long\">\n        <h2 class=\"lux-bio__title\">\u00dcber mich<\/h2>\n        <div class=\"lux-bio__divider\"><\/div>\n\n        <div class=\"lux-bio__content\">\n       <p>\nLass Dich von mir f\u00fchren\u2026<br><br>\n\nIch bin Lady Pia , Deine erfahrene Domina, die Dir die Welt der Kontrolle und Hingabe auf ganz neue Weise n\u00e4herbringt. <br>\nIn meinen Sessions wirst Du Dich in meine Obhut begeben \u2013 ganz nach Deinen W\u00fcnschen und in einem sicheren, einvernehmlichen Rahmen.<br>\n<br><br>\nIch biete Dir eine Vielzahl von Erlebnissen, die Deine tiefsten Fantasien wecken und Deine Grenzen verschieben k\u00f6nnen. Sei es Machtspiele, Rollenspiele oder sinnliche Bestrafungen \u2013 bei mir ist Deine Hingabe der Schl\u00fcssel. Jede Session wird auf Deine individuellen W\u00fcnsche abgestimmt, doch achte darauf: Bei mir gibt es klare Regeln und ein respektvolles Miteinander.\n<br><br>\nVertraue Dich mir an und erlebe, wie es ist, vollkommen loszulassen. Wenn Du bereit bist, Deine Fantasien ohne Scheu zu leben, dann melde Dich bei mir. <br>\nEs wartet eine Welt auf Dich, in der Du Dich fallen lassen kannst.\n<\/p>\n          \n        <\/div>\n\n\n<style>\n.sm-schedule-wrapper {\n  width: 100%;\n  text-align: center;\n  margin-top: 16px;\n  padding: 0 8px;\n}\n\n.sm-schedule-table {\n  margin: 0 auto;\n  width: 100%;\n  max-width: 520px;\n  border-collapse: collapse;\n  font-family: 'Cinzel', serif;\n  color: #ffffff;\n  table-layout: fixed;\n}\n\n\/* Einheitliche H\u00f6he & perfekte Zentrierung *\/\n.sm-schedule-table td,\n.sm-schedule-table th {\n  height: 42px !important;\n  line-height: 42px !important;\n  padding: 0 !important;\n  margin: 0 !important;\n  vertical-align: middle !important;\n  text-align: center !important;\n  white-space: nowrap !important;\n}\n\n\/* \u00dcberschriftenstil *\/\n.sm-schedule-table th {\n  font-size: 16px;\n  text-transform: uppercase;\n  letter-spacing: 1.5px;\n  text-shadow: 0 0 8px rgba(255,255,255,0.45);\n  border-bottom: 1px solid rgba(255,255,255,0.25);\n}\n\n\/* Tabelleninhalt *\/\n.sm-schedule-table td {\n  font-size: 14px;\n  text-shadow: 0 0 5px rgba(255,255,255,0.4);\n  border-bottom: 1px solid rgba(255,255,255,0.12);\n}\n\n\/* Statusfarben *\/\n.sm-status-available {\n  color: #00ff00 !important;\n  text-shadow: 0 0 6px rgba(0,255,0,0.45);\n}\n\n.sm-status-away {\n  color: #ff4444 !important;\n  text-shadow: 0 0 6px rgba(255,0,0,0.45);\n}\n<\/style>\n\n      <\/div>\n    <\/div>\n\n  <\/div>\n\n<\/section>\n","protected":false},"excerpt":{"rendered":"<p>Meesteres Pia Mistress Anwesenheit Status 11.05.2026 Verf\u00fcgbar 12.05.2026 Verf\u00fcgbar 15.06.2026 Verf\u00fcgbar 16.06.2026 Verf\u00fcgbar 17.06.2026 Verf\u00fcgbar \u00dcber mich Lass Dich von mir f\u00fchren\u2026 Ich bin Lady Pia , Deine erfahrene Domina, die Dir die Welt der Kontrolle und Hingabe auf ganz neue Weise n\u00e4herbringt. In meinen Sessions wirst Du Dich in meine Obhut begeben \u2013 ganz &#8230; <a title=\"Meesteres Pia\" class=\"read-more\" href=\"https:\/\/smlounge.de\/index.php\/meesterespia\/\" aria-label=\"Mehr Informationen \u00fcber Meesteres Pia\">Weiterlesen<\/a><\/p>\n","protected":false},"author":1,"featured_media":0,"parent":0,"menu_order":0,"comment_status":"closed","ping_status":"closed","template":"","meta":{"footnotes":""},"class_list":["post-466","page","type-page","status-publish"],"_links":{"self":[{"href":"https:\/\/smlounge.de\/index.php\/wp-json\/wp\/v2\/pages\/466","targetHints":{"allow":["GET"]}}],"collection":[{"href":"https:\/\/smlounge.de\/index.php\/wp-json\/wp\/v2\/pages"}],"about":[{"href":"https:\/\/smlounge.de\/index.php\/wp-json\/wp\/v2\/types\/page"}],"author":[{"embeddable":true,"href":"https:\/\/smlounge.de\/index.php\/wp-json\/wp\/v2\/users\/1"}],"replies":[{"embeddable":true,"href":"https:\/\/smlounge.de\/index.php\/wp-json\/wp\/v2\/comments?post=466"}],"version-history":[{"count":16,"href":"https:\/\/smlounge.de\/index.php\/wp-json\/wp\/v2\/pages\/466\/revisions"}],"predecessor-version":[{"id":1907,"href":"https:\/\/smlounge.de\/index.php\/wp-json\/wp\/v2\/pages\/466\/revisions\/1907"}],"wp:attachment":[{"href":"https:\/\/smlounge.de\/index.php\/wp-json\/wp\/v2\/media?parent=466"}],"curies":[{"name":"wp","href":"https:\/\/api.w.org\/{rel}","templated":true}]}}