{"id":505,"date":"2026-01-27T20:28:19","date_gmt":"2026-01-27T19:28:19","guid":{"rendered":"http:\/\/localhost\/?page_id=505"},"modified":"2026-01-28T15:59:45","modified_gmt":"2026-01-28T14:59:45","slug":"booking","status":"publish","type":"page","link":"https:\/\/smlounge.de\/index.php\/booking\/","title":{"rendered":"R\u00e4umlichkeiten buchen"},"content":{"rendered":"\n<div class=\"lux-rooms-page\">\n  <div class=\"lux-rooms-wrap\">\n\n    <!-------------------------------------------------------------------------------------------------------------------------------- HERO -->\n    <section class=\"lux-rooms-hero\">\n      <div class=\"lux-card\">\n        <div class=\"lux-rooms-kicker\">R\u00e4umlichkeiten buchen<\/div>\n        <h1 class=\"lux-rooms-title\">Exklusiv. Diskret. Stilvoll.<\/h1>\n        <p class=\"lux-rooms-sub\">\n          W\u00e4hle den passenden Raum f\u00fcr Content Creation, private Vermietung, gewerbliche Nutzung oder Events.<br>\n          Hochwertiges Ambiente, klare Konditionen und pers\u00f6nliche Abstimmung.\n        <\/p>\n\n        <div class=\"lux-actions\">\n          <a class=\"lux-btn\" href=\"#raeume\">R\u00e4ume ansehen<\/a>\n          <a class=\"lux-btn lux-btn--gold\" href=\"#anfrage\">Anfrage per WhatsApp<\/a>\n        <\/div>\n      <\/div>\n    <\/section>\n\n    <!------------------------------------------------------------------------------------------------------------- USAGE -->\n    <center>\n<section class=\"lux-rooms-usage\">\n      <div class=\"lux-card\">\n        <h2 class=\"lux-h2\">Nutzung passt zu mir<\/h2>\n        <p>\n          Unsere R\u00e4umlichkeiten sind geeignet f\u00fcr: <strong>Content<\/strong> (Creator), <strong>privat<\/strong>,\n          <strong>gewerblich<\/strong> sowie <strong>Events<\/strong>. Du bekommst vorab transparente Konditionen und eine saubere Abstimmung.\n        <\/p>\n      <\/div>\n    <\/section>\n<\/center>\n\n    <!-- GRID -->\n    <section id=\"raeume\" class=\"lux-rooms-grid\">\n      <div class=\"lux-rooms-grid-inner\">\n\n        <!----------------------------------------------------------------------------------------------------------- Purple Passion-->\n    <center>\n <article class=\"lux-room\">\n          <div class=\"lux-room-media\">\n            <img decoding=\"async\" src=\"https:\/\/www.smlounge.de\/wp-content\/uploads\/2026\/01\/Foto-21.01.24-13-42-51.jpg\" alt=\"Purple Passion\">\n          <\/div>\n          <div class=\"lux-room-body\">\n            <div class=\"lux-room-kicker\">Raum I<\/div>\n            <h3 class=\"lux-room-title\">Purple Passion<\/h3>\n            <p class=\"lux-room-text\">Erlebe den Luxus moderner \u00c4sthetik und lass Dich von der k\u00fchnen Sch\u00f6nheit unseres Purple Passion verzaubern!<\/p>\n<a href=\"https:\/\/www.smlounge.de\/index.php\/purplepassion\/\" class=\"lux-room-btn\">Details ansehen<\/a>         \n <\/div>\n        <\/article>\n<\/center>\n\n       <!--------------------------------------------------------------------------------------------------- KLINIK -->\n        <center>\n <article class=\"lux-room\">\n          <div class=\"lux-room-media\">\n            <img decoding=\"async\" src=\"https:\/\/www.smlounge.de\/wp-content\/uploads\/2026\/01\/Foto-21.01.24-13-50-30.jpg\" alt=\"Klinikum\">\n          <\/div>\n          <div class=\"lux-room-body\">\n            <div class=\"lux-room-kicker\">Raum II<\/div>\n            <h3 class=\"lux-room-title\">Klinikum<\/h3>\n            <p class=\"lux-room-text\">Willkommen in unserem Klinikum, einem Ort, an dem F\u00fcrsorge und Komfort Hand in Hand gehen.<\/p>\n          <a href=\"https:\/\/www.smlounge.de\/index.php\/klinikum\" class=\"lux-room-btn\">Details ansehen<\/a>\n<\/div>\n        <\/article>\n<\/center>\n\n        <!--------------------------------------------------------------------------------------------------- ROT -->\n        <center>\n <article class=\"lux-room\">\n          <div class=\"lux-room-media\">\n            <img decoding=\"async\" src=\"https:\/\/www.smlounge.de\/wp-content\/uploads\/2026\/01\/Foto-21.01.24-13-31-36.jpg\" alt=\"Rot\">\n          <\/div>\n          <div class=\"lux-room-body\">\n            <div class=\"lux-room-kicker\">Raum III<\/div>\n            <h3 class=\"lux-room-title\">Rotes Kabinett<\/h3>\n            <p class=\"lux-room-text\">Trete ein in die Welt des Luxus und der Leidenschaft mit unserem atemberaubenden Raum!<\/p>\n          <a href=\"https:\/\/www.smlounge.de\/index.php\/roteskabinett\" class=\"lux-room-btn\">Details ansehen<\/a>\n<\/div>\n        <\/article>\n<\/center>\n\n        <!---------------------------------------------------------------------------------------------------------- Gr\u00fcn -->\n        <center>\n <article class=\"lux-room\">\n          <div class=\"lux-room-media\">\n            <img decoding=\"async\" src=\"https:\/\/www.smlounge.de\/wp-content\/uploads\/2026\/01\/Foto-21.01.24-13-17-22.jpg\" alt=\"Spiegelraum\">\n          <\/div>\n          <div class=\"lux-room-body\">\n            <div class=\"lux-room-kicker\">Raum IV<\/div>\n            <h3 class=\"lux-room-title\">Spiegelraum<\/h3>\n            <p class=\"lux-room-text\">Erlebe die futuristische Eleganz und lass dich von der kreativen Fusion aus Licht und Spiegelreflexion verzaubern.<\/p>\n          <a href=\"https:\/\/www.smlounge.de\/index.php\/spiegelraum\" class=\"lux-room-btn\">Details ansehen<\/a>\n<\/div>\n        <\/article>\n<\/center>\n\n        <!----------------------------------------------------------------------------------------------------------- Empfangszimmer -->\n       <center>\n <article class=\"lux-room\">\n          <div class=\"lux-room-media\">\n            <img decoding=\"async\" src=\"https:\/\/www.smlounge.de\/wp-content\/uploads\/2026\/01\/IMG_6497.jpeg\" alt=\"Empfangszimmer\">\n          <\/div>\n          <div class=\"lux-room-body\">\n            <div class=\"lux-room-kicker\">Raum V<\/div>\n            <h3 class=\"lux-room-title\">Empfangszimmer<\/h3>\n            <p class=\"lux-room-text\">F\u00fchle Dich direkt zu Beginn wohl und lass Dich von Deiner Gastdame empfangen&#8230; <\/p>\n          <a href=\"https:\/\/www.smlounge.de\/index.php\/empfangszimmer\" class=\"lux-room-btn\">Details ansehen<\/a>\n<\/div>\n        <\/article>\n<\/center>\n\n      <\/div>\n    <\/section>\n\n    <!-- REQUEST -->\n    <section id=\"anfrage\" class=\"lux-rooms-request\">\n      <div class=\"lux-card\">\n        <h2 class=\"lux-h2\">Anfrage<\/h2>\n        <p>Schreib uns direkt per WhatsApp \u2013 schnellster Weg f\u00fcr Termin &#038; Konditionen.<\/p>\n        <a class=\"lux-btn lux-btn--gold\" href=\"https:\/\/wa.me\/491636202629\" target=\"_blank\" rel=\"noopener\">\n          Anfrage per WhatsApp\n        <\/a>\n      <\/div>\n    <\/section>\n\n  <\/div>\n<\/div>\n","protected":false},"excerpt":{"rendered":"<p>R\u00e4umlichkeiten buchen Exklusiv. Diskret. Stilvoll. W\u00e4hle den passenden Raum f\u00fcr Content Creation, private Vermietung, gewerbliche Nutzung oder Events. Hochwertiges Ambiente, klare Konditionen und pers\u00f6nliche Abstimmung. R\u00e4ume ansehen Anfrage per WhatsApp Nutzung passt zu mir Unsere R\u00e4umlichkeiten sind geeignet f\u00fcr: Content (Creator), privat, gewerblich sowie Events. Du bekommst vorab transparente Konditionen und eine saubere Abstimmung. Raum &#8230; <a title=\"R\u00e4umlichkeiten buchen\" class=\"read-more\" href=\"https:\/\/smlounge.de\/index.php\/booking\/\" aria-label=\"Mehr Informationen \u00fcber R\u00e4umlichkeiten buchen\">Weiterlesen<\/a><\/p>\n","protected":false},"author":1,"featured_media":0,"parent":0,"menu_order":0,"comment_status":"closed","ping_status":"closed","template":"","meta":{"footnotes":""},"class_list":["post-505","page","type-page","status-publish"],"_links":{"self":[{"href":"https:\/\/smlounge.de\/index.php\/wp-json\/wp\/v2\/pages\/505","targetHints":{"allow":["GET"]}}],"collection":[{"href":"https:\/\/smlounge.de\/index.php\/wp-json\/wp\/v2\/pages"}],"about":[{"href":"https:\/\/smlounge.de\/index.php\/wp-json\/wp\/v2\/types\/page"}],"author":[{"embeddable":true,"href":"https:\/\/smlounge.de\/index.php\/wp-json\/wp\/v2\/users\/1"}],"replies":[{"embeddable":true,"href":"https:\/\/smlounge.de\/index.php\/wp-json\/wp\/v2\/comments?post=505"}],"version-history":[{"count":27,"href":"https:\/\/smlounge.de\/index.php\/wp-json\/wp\/v2\/pages\/505\/revisions"}],"predecessor-version":[{"id":665,"href":"https:\/\/smlounge.de\/index.php\/wp-json\/wp\/v2\/pages\/505\/revisions\/665"}],"wp:attachment":[{"href":"https:\/\/smlounge.de\/index.php\/wp-json\/wp\/v2\/media?parent=505"}],"curies":[{"name":"wp","href":"https:\/\/api.w.org\/{rel}","templated":true}]}}