{"id":655,"date":"2026-01-28T15:48:15","date_gmt":"2026-01-28T14:48:15","guid":{"rendered":"http:\/\/loungenew.ddns.net\/?page_id=655"},"modified":"2026-01-28T16:21:18","modified_gmt":"2026-01-28T15:21:18","slug":"purplepassion","status":"publish","type":"page","link":"https:\/\/smlounge.de\/index.php\/purplepassion\/","title":{"rendered":"Purple Passion"},"content":{"rendered":"\n<div class=\"lux-roomdetail-page\">\n  <div class=\"lux-roomdetail-wrap\">\n\n    <!-- HERO wie bei R\u00e4umlichkeiten buchen -->\n    <section class=\"lux-rooms-hero\">\n      <div class=\"lux-card\">\n        <div class=\"lux-rooms-kicker\">Modern \u2022 Luxuri\u00f6s<\/div>\n        <h1 class=\"lux-rooms-title\">Purple Passion<\/h1>\n        <p class=\"lux-rooms-sub\">\n         Das moderne Erlebnis! Bereits beim Betreten des Raumes tauchst Du in eine andere Welt ein. Die Eleganz und das zeitgen\u00f6ssische Design lassen Dich sprachlos werden!<br><br>\n\nDie Kombination aus tiefem Lila und moderner Holzoptik schafft eine Raffinesse und Kreativit\u00e4t. Jedes Detail wurde sorgf\u00e4ltig ausgew\u00e4hlt, um ein harmonisches Zusammenspiel von Farben und Formen zu pr\u00e4sentieren.<br><br>\n\nEin Fixierungsbett, ein Andreaskreuz sowie ein K\u00e4fig erlauben Dir hier viele Spielm\u00f6glichkeiten. Seile, Peitschen und diverse andere Spielzeuge unterst\u00fctzen Dich bei der Umsetzung Deiner intensiven Session!<br><br>\n        <\/p>\n\n        <div class=\"lux-actions\">\n          <a class=\"lux-btn\" href=\"https:\/\/www.smlounge.de\/index.php\/booking\/\">Zur Raum\u00fcbersicht<\/a>\n          <a class=\"lux-btn lux-btn--gold\" href=\"https:\/\/wa.me\/491636202629\" target=\"_blank\" rel=\"noopener\">\n            Anfrage per WhatsApp\n          <\/a>\n        <\/div>\n      <\/div>\n    <\/section>\n\n    <!-- GALERIE -->\n   <section class=\"lux-gallery\">\n\n  <div class=\"lux-gallery-grid\">\n\n    <!-- gro\u00dfes Highlight -->\n    <div class=\"lux-gallery-hero\">\n      <img decoding=\"async\" src=\"https:\/\/www.smlounge.de\/wp-content\/uploads\/2026\/01\/Foto-21.01.24-13-34-16.jpg\" alt=\"Raum Highlight\">\n    <\/div>\n\n    <!-- Thumbnails -->\n    <div class=\"lux-gallery-thumbs\">\n\n      <div class=\"lux-thumb\">\n        <img decoding=\"async\" src=\"https:\/\/www.smlounge.de\/wp-content\/uploads\/2026\/01\/Foto-21.01.24-13-44-43.jpg\" alt=\"\">\n      <\/div>\n\n      <div class=\"lux-thumb\">\n        <img decoding=\"async\" src=\"https:\/\/www.smlounge.de\/wp-content\/uploads\/2026\/01\/Foto-21.01.24-13-43-36.jpg\" alt=\"\">\n      <\/div>\n\n      <div class=\"lux-thumb\">\n        <img decoding=\"async\" src=\"https:\/\/www.smlounge.de\/wp-content\/uploads\/2026\/01\/Foto-21.01.24-13-41-43.jpg\" alt=\"\">\n      <\/div>\n\n      <div class=\"lux-thumb\">\n        <img decoding=\"async\" src=\"https:\/\/www.smlounge.de\/wp-content\/uploads\/2026\/01\/Foto-21.01.24-13-42-51.jpg\" alt=\"\">\n      <\/div>\n\n      <div class=\"lux-thumb\">\n        <img decoding=\"async\" src=\"https:\/\/www.smlounge.de\/wp-content\/uploads\/2026\/01\/7.png\" alt=\"\">\n      <\/div>\n\n      <div class=\"lux-thumb\">\n        <img decoding=\"async\" src=\"https:\/\/www.smlounge.de\/wp-content\/uploads\/2026\/01\/1.png\" alt=\"\">\n      <\/div>\n\n    <\/div>\n\n  <\/div>\n\n<\/section>\n\n  <\/div>\n<\/div>\n","protected":false},"excerpt":{"rendered":"<p>Modern \u2022 Luxuri\u00f6s Purple Passion Das moderne Erlebnis! Bereits beim Betreten des Raumes tauchst Du in eine andere Welt ein. Die Eleganz und das zeitgen\u00f6ssische Design lassen Dich sprachlos werden! Die Kombination aus tiefem Lila und moderner Holzoptik schafft eine Raffinesse und Kreativit\u00e4t. Jedes Detail wurde sorgf\u00e4ltig ausgew\u00e4hlt, um ein harmonisches Zusammenspiel von Farben und &#8230; <a title=\"Purple Passion\" class=\"read-more\" href=\"https:\/\/smlounge.de\/index.php\/purplepassion\/\" aria-label=\"Mehr Informationen \u00fcber Purple Passion\">Weiterlesen<\/a><\/p>\n","protected":false},"author":1,"featured_media":0,"parent":0,"menu_order":0,"comment_status":"closed","ping_status":"closed","template":"","meta":{"footnotes":""},"class_list":["post-655","page","type-page","status-publish"],"_links":{"self":[{"href":"https:\/\/smlounge.de\/index.php\/wp-json\/wp\/v2\/pages\/655","targetHints":{"allow":["GET"]}}],"collection":[{"href":"https:\/\/smlounge.de\/index.php\/wp-json\/wp\/v2\/pages"}],"about":[{"href":"https:\/\/smlounge.de\/index.php\/wp-json\/wp\/v2\/types\/page"}],"author":[{"embeddable":true,"href":"https:\/\/smlounge.de\/index.php\/wp-json\/wp\/v2\/users\/1"}],"replies":[{"embeddable":true,"href":"https:\/\/smlounge.de\/index.php\/wp-json\/wp\/v2\/comments?post=655"}],"version-history":[{"count":14,"href":"https:\/\/smlounge.de\/index.php\/wp-json\/wp\/v2\/pages\/655\/revisions"}],"predecessor-version":[{"id":683,"href":"https:\/\/smlounge.de\/index.php\/wp-json\/wp\/v2\/pages\/655\/revisions\/683"}],"wp:attachment":[{"href":"https:\/\/smlounge.de\/index.php\/wp-json\/wp\/v2\/media?parent=655"}],"curies":[{"name":"wp","href":"https:\/\/api.w.org\/{rel}","templated":true}]}}