{"id":677,"date":"2026-01-28T16:10:32","date_gmt":"2026-01-28T15:10:32","guid":{"rendered":"http:\/\/loungenew.ddns.net\/?page_id=677"},"modified":"2026-01-28T16:10:33","modified_gmt":"2026-01-28T15:10:33","slug":"empfangszimmer","status":"publish","type":"page","link":"https:\/\/smlounge.de\/index.php\/empfangszimmer\/","title":{"rendered":"Empfangszimmer"},"content":{"rendered":"\n<div class=\"lux-roomdetail-page\">\n  <div class=\"lux-roomdetail-wrap\">\n\n    <!-- HERO wie bei R\u00e4umlichkeiten buchen -->\n    <section class=\"lux-rooms-hero\">\n      <div class=\"lux-card\">\n        <div class=\"lux-rooms-kicker\">Einladend \u2022 Stilvoll<\/div>\n        <h1 class=\"lux-rooms-title\">Empfang<\/h1>\n        <p class=\"lux-rooms-sub\">\n          Unser Empfangszimmer verbindet luxuri\u00f6se Eleganz mit einer warmen, einladenden Atmosph\u00e4re. <br><br>Edle Goldakzente treffen auf sanfte Rosat\u00f6ne und stilvolle schwarze Elemente und schaffen ein harmonisches Gesamtbild mit modernem Charakter.  <br><br>Hochwertige Materialien, klare Linien und dezente Details sorgen f\u00fcr ein exklusives Ambiente, in dem sich G\u00e4ste sofort willkommen f\u00fchlen.\n        <\/p>\n\n        <div class=\"lux-actions\">\n          <a class=\"lux-btn\" href=\"https:\/\/www.smlounge.de\/index.php\/booking\/\">Zur Raum\u00fcbersicht<\/a>\n          <a class=\"lux-btn lux-btn--gold\" href=\"https:\/\/wa.me\/491636202629\" target=\"_blank\" rel=\"noopener\">\n            Anfrage per WhatsApp\n          <\/a>\n        <\/div>\n      <\/div>\n    <\/section>\n\n    <!-- GALERIE -->\n   <section class=\"lux-gallery\">\n\n  <div class=\"lux-gallery-grid\">\n\n    <!-- gro\u00dfes Highlight -->\n    <div class=\"lux-gallery-hero\">\n      <img decoding=\"async\" src=\"https:\/\/www.smlounge.de\/wp-content\/uploads\/2026\/01\/IMG_6497.jpeg\" alt=\"Raum Highlight\">\n    <\/div>\n\n    <!-- Thumbnails -->\n    <div class=\"lux-gallery-thumbs\">\n\n      <div class=\"lux-thumb\">\n        <img decoding=\"async\" src=\"https:\/\/www.smlounge.de\/wp-content\/uploads\/2026\/01\/IMG_6495.jpeg\" alt=\"\">\n      <\/div>\n\n      <div class=\"lux-thumb\">\n        <img decoding=\"async\" src=\"https:\/\/www.smlounge.de\/wp-content\/uploads\/2026\/01\/IMG_6499.jpeg\" alt=\"\">\n      <\/div>\n\n      <div class=\"lux-thumb\">\n        <img decoding=\"async\" src=\"https:\/\/www.smlounge.de\/wp-content\/uploads\/2026\/01\/IMG_6494.jpeg\" alt=\"\">\n      <\/div>\n\n      <div class=\"lux-thumb\">\n        <img decoding=\"async\" src=\"https:\/\/www.smlounge.de\/wp-content\/uploads\/2026\/01\/IMG_6498.jpeg\" alt=\"\">\n      <\/div>\n\n      <div class=\"lux-thumb\">\n        <img decoding=\"async\" src=\"https:\/\/www.smlounge.de\/wp-content\/uploads\/2026\/01\/IMG_6496.jpeg\" alt=\"\">\n      <\/div>\n\n      <div class=\"lux-thumb\">\n        <img decoding=\"async\" src=\"https:\/\/www.smlounge.de\/wp-content\/uploads\/2026\/01\/IMG_6500.jpeg\" alt=\"\">\n      <\/div>\n\n    <\/div>\n\n  <\/div>\n\n<\/section>\n\n  <\/div>\n<\/div>\n","protected":false},"excerpt":{"rendered":"<p>Einladend \u2022 Stilvoll Empfang Unser Empfangszimmer verbindet luxuri\u00f6se Eleganz mit einer warmen, einladenden Atmosph\u00e4re. Edle Goldakzente treffen auf sanfte Rosat\u00f6ne und stilvolle schwarze Elemente und schaffen ein harmonisches Gesamtbild mit modernem Charakter. Hochwertige Materialien, klare Linien und dezente Details sorgen f\u00fcr ein exklusives Ambiente, in dem sich G\u00e4ste sofort willkommen f\u00fchlen. Zur Raum\u00fcbersicht Anfrage per &#8230; <a title=\"Empfangszimmer\" class=\"read-more\" href=\"https:\/\/smlounge.de\/index.php\/empfangszimmer\/\" aria-label=\"Mehr Informationen \u00fcber Empfangszimmer\">Weiterlesen<\/a><\/p>\n","protected":false},"author":1,"featured_media":0,"parent":0,"menu_order":0,"comment_status":"closed","ping_status":"closed","template":"","meta":{"footnotes":""},"class_list":["post-677","page","type-page","status-publish"],"_links":{"self":[{"href":"https:\/\/smlounge.de\/index.php\/wp-json\/wp\/v2\/pages\/677","targetHints":{"allow":["GET"]}}],"collection":[{"href":"https:\/\/smlounge.de\/index.php\/wp-json\/wp\/v2\/pages"}],"about":[{"href":"https:\/\/smlounge.de\/index.php\/wp-json\/wp\/v2\/types\/page"}],"author":[{"embeddable":true,"href":"https:\/\/smlounge.de\/index.php\/wp-json\/wp\/v2\/users\/1"}],"replies":[{"embeddable":true,"href":"https:\/\/smlounge.de\/index.php\/wp-json\/wp\/v2\/comments?post=677"}],"version-history":[{"count":1,"href":"https:\/\/smlounge.de\/index.php\/wp-json\/wp\/v2\/pages\/677\/revisions"}],"predecessor-version":[{"id":678,"href":"https:\/\/smlounge.de\/index.php\/wp-json\/wp\/v2\/pages\/677\/revisions\/678"}],"wp:attachment":[{"href":"https:\/\/smlounge.de\/index.php\/wp-json\/wp\/v2\/media?parent=677"}],"curies":[{"name":"wp","href":"https:\/\/api.w.org\/{rel}","templated":true}]}}