{"id":689,"date":"2026-01-28T16:35:01","date_gmt":"2026-01-28T15:35:01","guid":{"rendered":"http:\/\/loungenew.ddns.net\/?page_id=689"},"modified":"2026-01-28T16:35:33","modified_gmt":"2026-01-28T15:35:33","slug":"roteskabinett","status":"publish","type":"page","link":"https:\/\/smlounge.de\/index.php\/roteskabinett\/","title":{"rendered":"Rotes Kabinett"},"content":{"rendered":"\n<div class=\"lux-roomdetail-page\">\n  <div class=\"lux-roomdetail-wrap\">\n\n    <!-- HERO wie bei R\u00e4umlichkeiten buchen -->\n    <section class=\"lux-rooms-hero\">\n      <div class=\"lux-card\">\n        <div class=\"lux-rooms-kicker\">Kabinett \u2022 Glamour<\/div>\n        <h1 class=\"lux-rooms-title\">Rotes Kabinett<\/h1>\n        <p class=\"lux-rooms-sub\">\n        Trete ein in die Welt des Luxus und der Leidenschaft mit unserem atemberaubenden roten und goldenen Raum! Jeder Schritt durch die T\u00fcr enth\u00fcllt eine opulente Symphonie aus satten Rott\u00f6nen und strahlendem Gold. Lass dich von der kraftvollen Kombination dieser Farben in eine Atmosph\u00e4re voller Glamour und Eleganz entf\u00fchren. Jedes M\u00f6belst\u00fcck ist kunstvoll ausgew\u00e4hlt, um einen Raum zu schaffen, der Deine Sinne verzaubert. Erlebe den Glanz der Moderne in einem Ambiente, das f\u00fcr anspruchsvollen Stil steht.<br><br>\n\nDas rote Kabinett ist ein absoluter &#8222;Allrounder&#8220; und bietet, neben einem Gynstuhl und Klinikutensilien, ebenfalls Diverses f\u00fcr den schwarzen Bereich! Er bietet Dir, neben Kettenz\u00fcgen, einer Streckbank und einem integrierten Bestrafungskerker, einen Domina Thron. Auch hier findest Du, neben diversen Masken, ebenfalls eine Vielzahl an Spielzeugen, welche keine W\u00fcnsche offen lassen!<br><br>\n\nWillkommen in deiner Oase des Luxus \u2013 wo Rot und Gold die Sprache des \u00fcberw\u00e4ltigenden Geschmacks sprechen!<br><br>\n        <\/p>\n\n        <div class=\"lux-actions\">\n          <a class=\"lux-btn\" href=\"https:\/\/www.smlounge.de\/index.php\/booking\/\">Zur Raum\u00fcbersicht<\/a>\n          <a class=\"lux-btn lux-btn--gold\" href=\"https:\/\/wa.me\/491636202629\" target=\"_blank\" rel=\"noopener\">\n            Anfrage per WhatsApp\n          <\/a>\n        <\/div>\n      <\/div>\n    <\/section>\n\n    <!-- GALERIE -->\n   <section class=\"lux-gallery\">\n\n  <div class=\"lux-gallery-grid\">\n\n    <!-- gro\u00dfes Highlight -->\n    <div class=\"lux-gallery-hero\">\n      <img decoding=\"async\" src=\"https:\/\/www.smlounge.de\/wp-content\/uploads\/2026\/01\/Foto-21.01.24-13-31-51.jpg\" alt=\"Raum Highlight\">\n    <\/div>\n\n    <!-- Thumbnails -->\n    <div class=\"lux-gallery-thumbs\">\n\n      <div class=\"lux-thumb\">\n        <img decoding=\"async\" src=\"https:\/\/www.smlounge.de\/wp-content\/uploads\/2026\/01\/Foto-21.01.24-13-31-36.jpg\" alt=\"\">\n      <\/div>\n\n      <div class=\"lux-thumb\">\n        <img decoding=\"async\" src=\"https:\/\/www.smlounge.de\/wp-content\/uploads\/2026\/01\/Foto-21.01.24-13-25-12.jpg\" alt=\"\">\n      <\/div>\n\n      <div class=\"lux-thumb\">\n        <img decoding=\"async\" src=\"https:\/\/www.smlounge.de\/wp-content\/uploads\/2026\/01\/Foto-21.01.24-13-25-31-1-1.jpg\" alt=\"\">\n      <\/div>\n\n      <div class=\"lux-thumb\">\n        <img decoding=\"async\" src=\"https:\/\/www.smlounge.de\/wp-content\/uploads\/2026\/01\/Foto-21.01.24-13-28-15.jpg\" alt=\"\">\n      <\/div>\n\n      <div class=\"lux-thumb\">\n        <img decoding=\"async\" src=\"https:\/\/www.smlounge.de\/wp-content\/uploads\/2026\/01\/Foto-21.01.24-13-28-40.jpg\" alt=\"\">\n      <\/div>\n\n      <div class=\"lux-thumb\">\n        <img decoding=\"async\" src=\"https:\/\/www.smlounge.de\/wp-content\/uploads\/2026\/01\/Foto-21.01.24-13-32-39.jpg\" alt=\"\">\n      <\/div>\n\n    <\/div>\n\n  <\/div>\n\n<\/section>\n\n  <\/div>\n<\/div>\n","protected":false},"excerpt":{"rendered":"<p>Kabinett \u2022 Glamour Rotes Kabinett Trete ein in die Welt des Luxus und der Leidenschaft mit unserem atemberaubenden roten und goldenen Raum! Jeder Schritt durch die T\u00fcr enth\u00fcllt eine opulente Symphonie aus satten Rott\u00f6nen und strahlendem Gold. Lass dich von der kraftvollen Kombination dieser Farben in eine Atmosph\u00e4re voller Glamour und Eleganz entf\u00fchren. Jedes M\u00f6belst\u00fcck &#8230; <a title=\"Rotes Kabinett\" class=\"read-more\" href=\"https:\/\/smlounge.de\/index.php\/roteskabinett\/\" aria-label=\"Mehr Informationen \u00fcber Rotes Kabinett\">Weiterlesen<\/a><\/p>\n","protected":false},"author":1,"featured_media":0,"parent":0,"menu_order":0,"comment_status":"closed","ping_status":"closed","template":"","meta":{"footnotes":""},"class_list":["post-689","page","type-page","status-publish"],"_links":{"self":[{"href":"https:\/\/smlounge.de\/index.php\/wp-json\/wp\/v2\/pages\/689","targetHints":{"allow":["GET"]}}],"collection":[{"href":"https:\/\/smlounge.de\/index.php\/wp-json\/wp\/v2\/pages"}],"about":[{"href":"https:\/\/smlounge.de\/index.php\/wp-json\/wp\/v2\/types\/page"}],"author":[{"embeddable":true,"href":"https:\/\/smlounge.de\/index.php\/wp-json\/wp\/v2\/users\/1"}],"replies":[{"embeddable":true,"href":"https:\/\/smlounge.de\/index.php\/wp-json\/wp\/v2\/comments?post=689"}],"version-history":[{"count":1,"href":"https:\/\/smlounge.de\/index.php\/wp-json\/wp\/v2\/pages\/689\/revisions"}],"predecessor-version":[{"id":690,"href":"https:\/\/smlounge.de\/index.php\/wp-json\/wp\/v2\/pages\/689\/revisions\/690"}],"wp:attachment":[{"href":"https:\/\/smlounge.de\/index.php\/wp-json\/wp\/v2\/media?parent=689"}],"curies":[{"name":"wp","href":"https:\/\/api.w.org\/{rel}","templated":true}]}}