{"id":691,"date":"2026-01-28T16:37:45","date_gmt":"2026-01-28T15:37:45","guid":{"rendered":"http:\/\/loungenew.ddns.net\/?page_id=691"},"modified":"2026-01-28T16:40:51","modified_gmt":"2026-01-28T15:40:51","slug":"spiegelraum","status":"publish","type":"page","link":"https:\/\/smlounge.de\/index.php\/spiegelraum\/","title":{"rendered":"Spiegelraum"},"content":{"rendered":"\n<div class=\"lux-roomdetail-page\">\n  <div class=\"lux-roomdetail-wrap\">\n\n    <!-- HERO wie bei R\u00e4umlichkeiten buchen -->\n    <section class=\"lux-rooms-hero\">\n      <div class=\"lux-card\">\n        <div class=\"lux-rooms-kicker\">Edel \u2022 Abstrakt<\/div>\n        <h1 class=\"lux-rooms-title\">Spiegelraum<\/h1>\n        <p class=\"lux-rooms-sub\">\n       Tauche ein in die faszinierende Welt unseres Spiegelraums, wo die Magie der Reflexion und das sanfte Leuchten gr\u00fcner LEDs eine einzigartige Atmosph\u00e4re schaffen. Jeder Winkel dieses Raums ist mit kunstvoll platzierten Spiegeln durchzogen, die nicht nur den Raum erweitern, sondern auch das Spiel von Licht und Schatten verst\u00e4rken. <br><br>Die gr\u00fcnen LEDs tauchen die Umgebung in ein beruhigendes Licht, das eine harmonische Verbindung von Technologie und \u00c4sthetik repr\u00e4sentiert. Erlebe die futuristische Eleganz und lass dich von der kreativen Fusion aus Licht und Spiegelreflexion verzaubern.<br><br>\n\nDie Atmosph\u00e4re ist absolut einzigartig, da Du hier die M\u00f6glichkeit erh\u00e4ltst, Dich in jeder Seite des Raumes zu begutachten! Neben einem Fixierungsbett und einem Sklavenstuhl, erm\u00f6glichen auch hier diverse Spielzeuge ein ultimatives Ambiente und eine gro\u00dfartige Session Erfahrung!<br><br>\n\nWillkommen in einer Welt, in der jeder Blick ein einzigartiges visuelles Erlebnis ist!<br><br>\n        <\/p>\n\n        <div class=\"lux-actions\">\n          <a class=\"lux-btn\" href=\"https:\/\/www.smlounge.de\/index.php\/booking\/\">Zur Raum\u00fcbersicht<\/a>\n          <a class=\"lux-btn lux-btn--gold\" href=\"https:\/\/wa.me\/491636202629\" target=\"_blank\" rel=\"noopener\">\n            Anfrage per WhatsApp\n          <\/a>\n        <\/div>\n      <\/div>\n    <\/section>\n\n    <!-- GALERIE -->\n   <section class=\"lux-gallery\">\n\n  <div class=\"lux-gallery-grid\">\n\n    <!-- gro\u00dfes Highlight -->\n    <div class=\"lux-gallery-hero\">\n      <img decoding=\"async\" src=\"https:\/\/www.smlounge.de\/wp-content\/uploads\/2026\/01\/Foto-21.01.24-13-14-47.jpg\" alt=\"Raum Highlight\">\n    <\/div>\n\n    <!-- Thumbnails -->\n    <div class=\"lux-gallery-thumbs\">\n\n      <div class=\"lux-thumb\">\n        <img decoding=\"async\" src=\"https:\/\/www.smlounge.de\/wp-content\/uploads\/2026\/01\/Foto-21.01.24-13-17-22.jpg\" alt=\"\">\n      <\/div>\n\n      <div class=\"lux-thumb\">\n        <img decoding=\"async\" src=\"https:\/\/www.smlounge.de\/wp-content\/uploads\/2026\/01\/Foto-21.01.24-13-13-36.jpg\" alt=\"\">\n      <\/div>\n\n      <div class=\"lux-thumb\">\n        <img decoding=\"async\" src=\"https:\/\/www.smlounge.de\/wp-content\/uploads\/2026\/01\/1a.png\" alt=\"\">\n      <\/div>\n\n      <div class=\"lux-thumb\">\n        <img decoding=\"async\" src=\"https:\/\/www.smlounge.de\/wp-content\/uploads\/2026\/01\/4a.png\" alt=\"\">\n      <\/div>\n\n      <div class=\"lux-thumb\">\n        <img decoding=\"async\" src=\"https:\/\/www.smlounge.de\/wp-content\/uploads\/2026\/01\/Foto-21.01.24-13-12-50.jpg\" alt=\"\">\n      <\/div>\n\n      <div class=\"lux-thumb\">\n        <img decoding=\"async\" src=\"https:\/\/www.smlounge.de\/wp-content\/uploads\/2026\/01\/Foto-21.01.24-13-12-24.jpg\" alt=\"\">\n      <\/div>\n\n    <\/div>\n\n  <\/div>\n\n<\/section>\n\n  <\/div>\n<\/div>\n","protected":false},"excerpt":{"rendered":"<p>Edel \u2022 Abstrakt Spiegelraum Tauche ein in die faszinierende Welt unseres Spiegelraums, wo die Magie der Reflexion und das sanfte Leuchten gr\u00fcner LEDs eine einzigartige Atmosph\u00e4re schaffen. Jeder Winkel dieses Raums ist mit kunstvoll platzierten Spiegeln durchzogen, die nicht nur den Raum erweitern, sondern auch das Spiel von Licht und Schatten verst\u00e4rken. Die gr\u00fcnen LEDs &#8230; <a title=\"Spiegelraum\" class=\"read-more\" href=\"https:\/\/smlounge.de\/index.php\/spiegelraum\/\" aria-label=\"Mehr Informationen \u00fcber Spiegelraum\">Weiterlesen<\/a><\/p>\n","protected":false},"author":1,"featured_media":0,"parent":0,"menu_order":0,"comment_status":"closed","ping_status":"closed","template":"","meta":{"footnotes":""},"class_list":["post-691","page","type-page","status-publish"],"_links":{"self":[{"href":"https:\/\/smlounge.de\/index.php\/wp-json\/wp\/v2\/pages\/691","targetHints":{"allow":["GET"]}}],"collection":[{"href":"https:\/\/smlounge.de\/index.php\/wp-json\/wp\/v2\/pages"}],"about":[{"href":"https:\/\/smlounge.de\/index.php\/wp-json\/wp\/v2\/types\/page"}],"author":[{"embeddable":true,"href":"https:\/\/smlounge.de\/index.php\/wp-json\/wp\/v2\/users\/1"}],"replies":[{"embeddable":true,"href":"https:\/\/smlounge.de\/index.php\/wp-json\/wp\/v2\/comments?post=691"}],"version-history":[{"count":2,"href":"https:\/\/smlounge.de\/index.php\/wp-json\/wp\/v2\/pages\/691\/revisions"}],"predecessor-version":[{"id":694,"href":"https:\/\/smlounge.de\/index.php\/wp-json\/wp\/v2\/pages\/691\/revisions\/694"}],"wp:attachment":[{"href":"https:\/\/smlounge.de\/index.php\/wp-json\/wp\/v2\/media?parent=691"}],"curies":[{"name":"wp","href":"https:\/\/api.w.org\/{rel}","templated":true}]}}